{"id":13543,"date":"2022-09-19T04:10:20","date_gmt":"2022-09-18T21:10:20","guid":{"rendered":"https:\/\/www.highseasonresort.com\/?page_id=13543"},"modified":"2022-09-19T04:10:26","modified_gmt":"2022-09-18T21:10:26","slug":"resort","status":"publish","type":"page","link":"https:\/\/www.highseasonresort.com\/de\/resort\/","title":{"rendered":"The Resort"},"content":{"rendered":"\t\t<div data-elementor-type=\"wp-page\" data-elementor-id=\"13543\" class=\"elementor elementor-13543 elementor-9742\" data-elementor-post-type=\"page\">\n\t\t\t\t\t\t<section class=\"elementor-section elementor-top-section elementor-element elementor-element-efba71e elementor-section-full_width elementor-section-height-default elementor-section-height-default\" data-id=\"efba71e\" data-element_type=\"section\" data-e-type=\"section\">\n\t\t\t\t\t\t<div class=\"elementor-container elementor-column-gap-no\">\n\t\t\t\t\t<div class=\"elementor-column elementor-col-100 elementor-top-column elementor-element elementor-element-589a350\" data-id=\"589a350\" data-element_type=\"column\" data-e-type=\"column\">\n\t\t\t<div class=\"elementor-widget-wrap elementor-element-populated\">\n\t\t\t\t\t\t<div class=\"elementor-element elementor-element-d267c4c before-header-shadow elementor--h-position-center elementor--v-position-middle elementor-arrows-position-inside elementor-pagination-position-inside elementor-widget elementor-widget-slides\" data-id=\"d267c4c\" data-element_type=\"widget\" data-e-type=\"widget\" data-settings=\"{&quot;transition&quot;:&quot;fade&quot;,&quot;navigation&quot;:&quot;both&quot;,&quot;autoplay&quot;:&quot;yes&quot;,&quot;pause_on_hover&quot;:&quot;yes&quot;,&quot;pause_on_interaction&quot;:&quot;yes&quot;,&quot;autoplay_speed&quot;:5000,&quot;infinite&quot;:&quot;yes&quot;,&quot;transition_speed&quot;:500}\" data-widget_type=\"slides.default\">\n\t\t\t\t<div class=\"elementor-widget-container\">\n\t\t\t\t\t\t\t\t\t<div class=\"elementor-swiper\">\n\t\t\t\t\t<div class=\"elementor-slides-wrapper elementor-main-swiper swiper\" role=\"region\" aria-roledescription=\"carousel\" aria-label=\"Slider\" dir=\"ltr\" data-animation=\"fadeInUp\">\n\t\t\t\t<div class=\"swiper-wrapper elementor-slides\">\n\t\t\t\t\t\t\t\t\t\t<div class=\"elementor-repeater-item-9c87402 swiper-slide\" role=\"group\" aria-roledescription=\"slide\"><div class=\"swiper-slide-bg elementor-ken-burns elementor-ken-burns--in\" role=\"img\" aria-label=\"DCIM100MEDIADJI_0066.JPG\"><\/div><div class=\"swiper-slide-inner\" ><div class=\"swiper-slide-contents\"><\/div><\/div><\/div><div class=\"elementor-repeater-item-e69a52f swiper-slide\" role=\"group\" aria-roledescription=\"slide\"><div class=\"swiper-slide-bg elementor-ken-burns elementor-ken-burns--in\" role=\"img\" aria-label=\"2\"><\/div><div class=\"swiper-slide-inner\" ><div class=\"swiper-slide-contents\"><\/div><\/div><\/div><div class=\"elementor-repeater-item-66d32e8 swiper-slide\" role=\"group\" aria-roledescription=\"slide\"><div class=\"swiper-slide-bg elementor-ken-burns elementor-ken-burns--in\" role=\"img\" aria-label=\"4\"><\/div><div class=\"swiper-slide-inner\" ><div class=\"swiper-slide-contents\"><\/div><\/div><\/div>\t\t\t\t<\/div>\n\t\t\t\t\t\t\t\t\t\t\t\t\t\t\t<div class=\"elementor-swiper-button elementor-swiper-button-prev\" role=\"button\" tabindex=\"0\" aria-label=\"Vorheriger Slide\">\n\t\t\t\t\t\t\t<i aria-hidden=\"true\" class=\"eicon-chevron-left\"><\/i>\t\t\t\t\t\t<\/div>\n\t\t\t\t\t\t<div class=\"elementor-swiper-button elementor-swiper-button-next\" role=\"button\" tabindex=\"0\" aria-label=\"N\u00e4chster Slide\">\n\t\t\t\t\t\t\t<i aria-hidden=\"true\" class=\"eicon-chevron-right\"><\/i>\t\t\t\t\t\t<\/div>\n\t\t\t\t\t\t\t\t\t\t\t\t\t\t\t\t<div class=\"swiper-pagination\"><\/div>\n\t\t\t\t\t\t\t\t\t\t\t\t<\/div>\n\t\t\t\t<\/div>\n\t\t\t\t\t\t\t\t<\/div>\n\t\t\t\t<\/div>\n\t\t\t\t\t<\/div>\n\t\t<\/div>\n\t\t\t\t\t<\/div>\n\t\t<\/section>\n\t\t\t\t<section class=\"elementor-section elementor-top-section elementor-element elementor-element-951aed5 elementor-section-boxed elementor-section-height-default elementor-section-height-default\" data-id=\"951aed5\" data-element_type=\"section\" data-e-type=\"section\" data-settings=\"{&quot;background_background&quot;:&quot;classic&quot;}\">\n\t\t\t\t\t\t<div class=\"elementor-container elementor-column-gap-default\">\n\t\t\t\t\t<div class=\"elementor-column elementor-col-33 elementor-top-column elementor-element elementor-element-7aba57c\" data-id=\"7aba57c\" data-element_type=\"column\" data-e-type=\"column\">\n\t\t\t<div class=\"elementor-widget-wrap elementor-element-populated\">\n\t\t\t\t\t\t<div class=\"elementor-element elementor-element-f352b45 elementor-drop-cap-yes mb-0 elementor-widget__width-initial elementor-drop-cap-view-default elementor-widget elementor-widget-text-editor\" data-id=\"f352b45\" data-element_type=\"widget\" data-e-type=\"widget\" data-settings=\"{&quot;drop_cap&quot;:&quot;yes&quot;}\" data-widget_type=\"text-editor.default\">\n\t\t\t\t<div class=\"elementor-widget-container\">\n\t\t\t\t\t\t\t\t\t<p>The Resort<\/p>\n\t\t\t\t\t\t\t\t<\/div>\n\t\t\t\t<\/div>\n\t\t\t\t<div class=\"elementor-element elementor-element-7495272 elementor-widget__width-initial elementor-widget elementor-widget-text-editor\" data-id=\"7495272\" data-element_type=\"widget\" data-e-type=\"widget\" data-widget_type=\"text-editor.default\">\n\t\t\t\t<div class=\"elementor-widget-container\">\n\t\t\t\t\t\t\t\t\t<p>UNSER RESORT<\/p>\n\t\t\t\t\t\t\t\t<\/div>\n\t\t\t\t<\/div>\n\t\t\t\t\t<\/div>\n\t\t<\/div>\n\t\t\t\t<div class=\"elementor-column elementor-col-66 elementor-top-column elementor-element elementor-element-85c9dcd\" data-id=\"85c9dcd\" data-element_type=\"column\" data-e-type=\"column\">\n\t\t\t<div class=\"elementor-widget-wrap elementor-element-populated\">\n\t\t\t\t\t\t<div class=\"elementor-element elementor-element-950c891 elementor-widget elementor-widget-text-editor\" data-id=\"950c891\" data-element_type=\"widget\" data-e-type=\"widget\" data-widget_type=\"text-editor.default\">\n\t\t\t\t<div class=\"elementor-widget-container\">\n\t\t\t\t\t\t\t\t\t<p><strong>LUXURI\u00d6SER ZUFLUCHTSORT INMITTEN NAT\u00dcRLICHER SCH\u00d6NHEIT<\/strong><\/p>\n<p>Die luxuri\u00f6se High Season Pool Villa &amp; Spa bietet seinen G\u00e4sten den idealen Urlaubsort, an dem Sie den Komfort und die Ruhe finden, die Sie suchen. Unsere 42 gut ausgestatteten privaten Pool-Villen bieten Ihnen die M\u00f6glichkeit, sich in einem tropischen Paradies in einer umweltfreundlichen Umgebung zu entspannen und zu genie\u00dfen, sich nicht motorisierten Strandabwechslungen hinzugeben und verschiedene Meeresaktivit\u00e4ten sowie die M\u00f6glichkeit, in der \u00fcppigen Umgebung von Koh Kood zu wandern, zu genie\u00dfen.<\/p>\n\t\t\t\t\t\t\t\t<\/div>\n\t\t\t\t<\/div>\n\t\t\t\t\t<\/div>\n\t\t<\/div>\n\t\t\t\t\t<\/div>\n\t\t<\/section>\n\t\t\t\t<section class=\"elementor-section elementor-top-section elementor-element elementor-element-c60fcc6 elementor-section-full_width py-3 elementor-section-height-default elementor-section-height-default\" data-id=\"c60fcc6\" data-element_type=\"section\" data-e-type=\"section\" data-settings=\"{&quot;background_background&quot;:&quot;classic&quot;}\">\n\t\t\t\t\t\t<div class=\"elementor-container elementor-column-gap-no\">\n\t\t\t\t\t<div class=\"elementor-column elementor-col-100 elementor-top-column elementor-element elementor-element-d4fedde\" data-id=\"d4fedde\" data-element_type=\"column\" data-e-type=\"column\">\n\t\t\t<div class=\"elementor-widget-wrap elementor-element-populated\">\n\t\t\t\t\t\t<section class=\"elementor-section elementor-inner-section elementor-element elementor-element-b9563a5 elementor-section-full_width elementor-section-height-default elementor-section-height-default\" data-id=\"b9563a5\" data-element_type=\"section\" data-e-type=\"section\">\n\t\t\t\t\t\t<div class=\"elementor-container elementor-column-gap-default\">\n\t\t\t\t\t<div class=\"elementor-column elementor-col-50 elementor-inner-column elementor-element elementor-element-ed4ae40\" data-id=\"ed4ae40\" data-element_type=\"column\" data-e-type=\"column\">\n\t\t\t<div class=\"elementor-widget-wrap elementor-element-populated\">\n\t\t\t\t\t\t<div class=\"elementor-element elementor-element-42c314e elementor-widget elementor-widget-image\" data-id=\"42c314e\" data-element_type=\"widget\" data-e-type=\"widget\" data-widget_type=\"image.default\">\n\t\t\t\t<div class=\"elementor-widget-container\">\n\t\t\t\t\t\t\t\t\t\t\t\t\t\t\t<img fetchpriority=\"high\" decoding=\"async\" width=\"600\" height=\"400\" src=\"https:\/\/www.highseasonresort.com\/wp-content\/uploads\/2021\/10\/HH-HSS-92-600x400.jpg\" class=\"attachment-photo size-photo wp-image-9914\" alt=\"\" srcset=\"https:\/\/www.highseasonresort.com\/wp-content\/uploads\/2021\/10\/HH-HSS-92-600x400.jpg 600w, https:\/\/www.highseasonresort.com\/wp-content\/uploads\/2021\/10\/HH-HSS-92-300x200.jpg 300w, https:\/\/www.highseasonresort.com\/wp-content\/uploads\/2021\/10\/HH-HSS-92-1024x682.jpg 1024w, https:\/\/www.highseasonresort.com\/wp-content\/uploads\/2021\/10\/HH-HSS-92-768x512.jpg 768w, https:\/\/www.highseasonresort.com\/wp-content\/uploads\/2021\/10\/HH-HSS-92-1536x1024.jpg 1536w, https:\/\/www.highseasonresort.com\/wp-content\/uploads\/2021\/10\/HH-HSS-92-1500x1000.jpg 1500w, https:\/\/www.highseasonresort.com\/wp-content\/uploads\/2021\/10\/HH-HSS-92-1920x1280.jpg 1920w, https:\/\/www.highseasonresort.com\/wp-content\/uploads\/2021\/10\/HH-HSS-92-24x16.jpg 24w, https:\/\/www.highseasonresort.com\/wp-content\/uploads\/2021\/10\/HH-HSS-92-36x24.jpg 36w, https:\/\/www.highseasonresort.com\/wp-content\/uploads\/2021\/10\/HH-HSS-92-48x32.jpg 48w, https:\/\/www.highseasonresort.com\/wp-content\/uploads\/2021\/10\/HH-HSS-92.jpg 2000w\" sizes=\"(max-width: 600px) 100vw, 600px\" title=\"\">\t\t\t\t\t\t\t\t\t\t\t\t\t\t\t<\/div>\n\t\t\t\t<\/div>\n\t\t\t\t<div class=\"elementor-element elementor-element-a663bde elementor-widget elementor-widget-text-editor\" data-id=\"a663bde\" data-element_type=\"widget\" data-e-type=\"widget\" data-widget_type=\"text-editor.default\">\n\t\t\t\t<div class=\"elementor-widget-container\">\n\t\t\t\t\t\t\t\t\t<p><strong>WARUM SIND WIR EINZIGARTIG?<\/strong><\/p>\n<p>High Season Pool Villa &amp; Spa widmet sich der Erhaltung der Natur und der Einhaltung globaler gr\u00fcner Standards. Dies zeigt sich in den von uns verwendeten nat\u00fcrlichen Baumaterialien, der innovativen Verwendung von Pflanzen und Gem\u00fcse, die im Resort angebaut werden, sowie in den Aktivit\u00e4ten f\u00fcr nicht motorisierte G\u00e4ste. Wir sind auch sehr gesundheitsbewusst und haben eine Nichtraucherpolitik in den meisten \u00f6ffentlichen Bereichen, da wir glauben, dass eine saubere Umwelt ein besseres Urlaubserlebnis f\u00fcr unsere gesch\u00e4tzten G\u00e4ste bedeutet. Wir glauben auch an die Erhaltung der lokalen Kultur und der lokalen Umwelt durch Bildung und Innovation, indem wir das, was wir um uns herum haben, auf effiziente und umweltfreundliche Weise nutzen: Wir glauben, dass, wenn wir uns um die Natur k\u00fcmmern, die Natur sich auch um uns k\u00fcmmern wird.<\/p>\n\t\t\t\t\t\t\t\t<\/div>\n\t\t\t\t<\/div>\n\t\t\t\t\t<\/div>\n\t\t<\/div>\n\t\t\t\t<div class=\"elementor-column elementor-col-50 elementor-inner-column elementor-element elementor-element-f31dab4\" data-id=\"f31dab4\" data-element_type=\"column\" data-e-type=\"column\">\n\t\t\t<div class=\"elementor-widget-wrap elementor-element-populated\">\n\t\t\t\t\t\t<div class=\"elementor-element elementor-element-9331af1 elementor-widget elementor-widget-image\" data-id=\"9331af1\" data-element_type=\"widget\" data-e-type=\"widget\" data-widget_type=\"image.default\">\n\t\t\t\t<div class=\"elementor-widget-container\">\n\t\t\t\t\t\t\t\t\t\t\t\t\t\t\t<img decoding=\"async\" width=\"1280\" height=\"720\" src=\"https:\/\/www.highseasonresort.com\/wp-content\/uploads\/2021\/10\/HH-HSS-1-1280x720.jpg\" class=\"attachment-photo-hd size-photo-hd wp-image-9896\" alt=\"\" srcset=\"https:\/\/www.highseasonresort.com\/wp-content\/uploads\/2021\/10\/HH-HSS-1-1280x720.jpg 1280w, https:\/\/www.highseasonresort.com\/wp-content\/uploads\/2021\/10\/HH-HSS-1-640x360.jpg 640w\" sizes=\"(max-width: 1280px) 100vw, 1280px\" title=\"\">\t\t\t\t\t\t\t\t\t\t\t\t\t\t\t<\/div>\n\t\t\t\t<\/div>\n\t\t\t\t\t<\/div>\n\t\t<\/div>\n\t\t\t\t\t<\/div>\n\t\t<\/section>\n\t\t\t\t\t<\/div>\n\t\t<\/div>\n\t\t\t\t\t<\/div>\n\t\t<\/section>\n\t\t\t\t<section class=\"elementor-section elementor-top-section elementor-element elementor-element-c8c230b elementor-section-full_width elementor-section-height-default elementor-section-height-default\" data-id=\"c8c230b\" data-element_type=\"section\" data-e-type=\"section\">\n\t\t\t\t\t\t<div class=\"elementor-container elementor-column-gap-no\">\n\t\t\t\t\t<div class=\"elementor-column elementor-col-100 elementor-top-column elementor-element elementor-element-61124a3\" data-id=\"61124a3\" data-element_type=\"column\" data-e-type=\"column\">\n\t\t\t<div class=\"elementor-widget-wrap elementor-element-populated\">\n\t\t\t\t\t\t<div class=\"elementor-element elementor-element-4c93a3c elementor-widget elementor-widget-image\" data-id=\"4c93a3c\" data-element_type=\"widget\" data-e-type=\"widget\" data-widget_type=\"image.default\">\n\t\t\t\t<div class=\"elementor-widget-container\">\n\t\t\t\t\t\t\t\t\t\t\t\t\t\t\t<img decoding=\"async\" width=\"1500\" height=\"1000\" src=\"https:\/\/www.highseasonresort.com\/wp-content\/uploads\/2021\/10\/HH-HSS-84-1500x1000.jpg\" class=\"attachment-cover size-cover wp-image-9905\" alt=\"\" srcset=\"https:\/\/www.highseasonresort.com\/wp-content\/uploads\/2021\/10\/HH-HSS-84-1500x1000.jpg 1500w, https:\/\/www.highseasonresort.com\/wp-content\/uploads\/2021\/10\/HH-HSS-84-300x200.jpg 300w, https:\/\/www.highseasonresort.com\/wp-content\/uploads\/2021\/10\/HH-HSS-84-1024x682.jpg 1024w, https:\/\/www.highseasonresort.com\/wp-content\/uploads\/2021\/10\/HH-HSS-84-768x512.jpg 768w, https:\/\/www.highseasonresort.com\/wp-content\/uploads\/2021\/10\/HH-HSS-84-1536x1024.jpg 1536w, https:\/\/www.highseasonresort.com\/wp-content\/uploads\/2021\/10\/HH-HSS-84-600x400.jpg 600w, https:\/\/www.highseasonresort.com\/wp-content\/uploads\/2021\/10\/HH-HSS-84-1920x1280.jpg 1920w, https:\/\/www.highseasonresort.com\/wp-content\/uploads\/2021\/10\/HH-HSS-84-24x16.jpg 24w, https:\/\/www.highseasonresort.com\/wp-content\/uploads\/2021\/10\/HH-HSS-84-36x24.jpg 36w, https:\/\/www.highseasonresort.com\/wp-content\/uploads\/2021\/10\/HH-HSS-84-48x32.jpg 48w, https:\/\/www.highseasonresort.com\/wp-content\/uploads\/2021\/10\/HH-HSS-84.jpg 2000w\" sizes=\"(max-width: 1500px) 100vw, 1500px\" title=\"\">\t\t\t\t\t\t\t\t\t\t\t\t\t\t\t<\/div>\n\t\t\t\t<\/div>\n\t\t\t\t\t<\/div>\n\t\t<\/div>\n\t\t\t\t\t<\/div>\n\t\t<\/section>\n\t\t\t\t<\/div>\n\t\t","protected":false},"excerpt":{"rendered":"<p>Previous Next The Resort UNSER RESORT LUXURI\u00d6SER ZUFLUCHTSORT INMITTEN NAT\u00dcRLICHER SCH\u00d6NHEIT Die luxuri\u00f6se High Season Pool Villa &amp; Spa bietet seinen G\u00e4sten den idealen Urlaubsort, an dem Sie den Komfort und die Ruhe finden, die Sie suchen. Unsere 42 gut ausgestatteten privaten Pool-Villen bieten Ihnen die M\u00f6glichkeit, sich in einem tropischen Paradies in einer umweltfreundlichen [&hellip;]<\/p>\n","protected":false},"author":1,"featured_media":0,"parent":0,"menu_order":0,"comment_status":"closed","ping_status":"closed","template":"templates\/page-elementor.php","meta":{"inline_featured_image":false,"footnotes":""},"class_list":["post-13543","page","type-page","status-publish","hentry"],"meta_box":{"resort_images":[],"resort_title":"","resort_content":"","resort_img":[],"exp_images":[],"cuisine_images":[],"event_gallery":[],"event_file_enabled":"","event_file":[],"event_group":[],"location_group_slide":[],"location_image_gallery":[],"destination_header":"","destination_group":[],"destination_join_title":"","destination_join_group":[],"destination_join_content":"","destination_remark_title":"","destination_remark_content":"","destination_other_title":"","destination_other_content":"","cover_home_group":[],"cover_home_type":"","cover_home_video":[],"cover_home_img":false,"middle_rooms_title":"","middle_rooms_desc":"","middle_rooms_images":[],"middle_rooms_select":"","middle_exp_title":"","middle_exp_desc":"","middle_exp_images":[],"middle_map_header":"","middle_map_subheader":"","middle_map_desc":"","instagram_text":"","instagram_images":[],"spa_images":[],"spa_title":"","spa_content":"","spa_gallery":[],"press_desc":"","press_email":"","press_group":[],"ourteam_title":"","ourteam_desc":"","ourteam_gallery":[]},"_links":{"self":[{"href":"https:\/\/www.highseasonresort.com\/de\/wp-json\/wp\/v2\/pages\/13543","targetHints":{"allow":["GET"]}}],"collection":[{"href":"https:\/\/www.highseasonresort.com\/de\/wp-json\/wp\/v2\/pages"}],"about":[{"href":"https:\/\/www.highseasonresort.com\/de\/wp-json\/wp\/v2\/types\/page"}],"author":[{"embeddable":true,"href":"https:\/\/www.highseasonresort.com\/de\/wp-json\/wp\/v2\/users\/1"}],"replies":[{"embeddable":true,"href":"https:\/\/www.highseasonresort.com\/de\/wp-json\/wp\/v2\/comments?post=13543"}],"version-history":[{"count":4,"href":"https:\/\/www.highseasonresort.com\/de\/wp-json\/wp\/v2\/pages\/13543\/revisions"}],"predecessor-version":[{"id":14756,"href":"https:\/\/www.highseasonresort.com\/de\/wp-json\/wp\/v2\/pages\/13543\/revisions\/14756"}],"wp:attachment":[{"href":"https:\/\/www.highseasonresort.com\/de\/wp-json\/wp\/v2\/media?parent=13543"}],"curies":[{"name":"wp","href":"https:\/\/api.w.org\/{rel}","templated":true}]}}