{"id":3063,"date":"2020-07-15T15:21:27","date_gmt":"2020-07-15T08:21:27","guid":{"rendered":"http:\/\/localhost\/wp-highseason\/press-media\/"},"modified":"2020-07-29T16:17:32","modified_gmt":"2020-07-29T09:17:32","slug":"press-media","status":"publish","type":"page","link":"https:\/\/www.highseasonresort.com\/de\/press-media\/","title":{"rendered":"PUBLIKATIONEN"},"content":{"rendered":"\n<p>Wir f\u00fchlen uns geehrt, in vielen der weltweit f\u00fchrenden Reise- und Lifestyle-Magazine erw\u00e4hnt worden zu sein. Bitte bl\u00e4ttern Sie durch einige davon und erfahren Sie mehr \u00fcber das Erlebnis der High Season Pool Villa &amp; Spa. (TBC)<\/p>\n","protected":false},"excerpt":{"rendered":"<p>Wir f\u00fchlen uns geehrt, in vielen der weltweit f\u00fchrenden Reise- und Lifestyle-Magazine erw\u00e4hnt worden zu sein. Bitte bl\u00e4ttern Sie durch einige davon und erfahren Sie mehr \u00fcber das Erlebnis der High Season Pool Villa &amp; Spa. (TBC)<\/p>\n","protected":false},"author":1,"featured_media":0,"parent":0,"menu_order":0,"comment_status":"closed","ping_status":"closed","template":"templates\/page-press-media.php","meta":{"inline_featured_image":false,"footnotes":""},"class_list":["post-3063","page","type-page","status-publish","hentry"],"meta_box":{"resort_images":[],"resort_title":"","resort_content":"","resort_img":[],"exp_images":[],"cuisine_images":[],"event_gallery":[],"event_file_enabled":"","event_file":[],"event_group":[],"location_group_slide":[],"location_image_gallery":[],"destination_header":"","destination_group":[],"destination_join_title":"","destination_join_group":[],"destination_join_content":"","destination_remark_title":"","destination_remark_content":"","destination_other_title":"","destination_other_content":"","cover_home_group":[],"cover_home_type":"","cover_home_video":[],"cover_home_img":false,"middle_rooms_title":"","middle_rooms_desc":"","middle_rooms_images":[],"middle_rooms_select":"","middle_exp_title":"","middle_exp_desc":"","middle_exp_images":[],"middle_map_header":"","middle_map_subheader":"","middle_map_desc":"","instagram_text":"","instagram_images":[],"spa_images":[],"spa_title":"","spa_content":"","spa_gallery":[],"press_desc":"<p>F\u00fcr Medien- und Presseanfragen oder Anfragen zu Fotografien kontaktieren Sie uns bitte unter<\/p>\n","press_email":"pr@highseasonresort.com","press_group":[{"press_group_enabled":"1","press_group_label":"PDF-Faktenblatt herunterladen","press_group_file":["403"],"_state":"expanded"},{"press_group_enabled":"1","press_group_label":"PDF-Brosch\u00fcre herunterladen","press_group_file":["402"],"_state":"expanded"}],"ourteam_title":"","ourteam_desc":"","ourteam_gallery":[]},"_links":{"self":[{"href":"https:\/\/www.highseasonresort.com\/de\/wp-json\/wp\/v2\/pages\/3063","targetHints":{"allow":["GET"]}}],"collection":[{"href":"https:\/\/www.highseasonresort.com\/de\/wp-json\/wp\/v2\/pages"}],"about":[{"href":"https:\/\/www.highseasonresort.com\/de\/wp-json\/wp\/v2\/types\/page"}],"author":[{"embeddable":true,"href":"https:\/\/www.highseasonresort.com\/de\/wp-json\/wp\/v2\/users\/1"}],"replies":[{"embeddable":true,"href":"https:\/\/www.highseasonresort.com\/de\/wp-json\/wp\/v2\/comments?post=3063"}],"version-history":[{"count":4,"href":"https:\/\/www.highseasonresort.com\/de\/wp-json\/wp\/v2\/pages\/3063\/revisions"}],"predecessor-version":[{"id":6461,"href":"https:\/\/www.highseasonresort.com\/de\/wp-json\/wp\/v2\/pages\/3063\/revisions\/6461"}],"wp:attachment":[{"href":"https:\/\/www.highseasonresort.com\/de\/wp-json\/wp\/v2\/media?parent=3063"}],"curies":[{"name":"wp","href":"https:\/\/api.w.org\/{rel}","templated":true}]}}