{"id":13655,"date":"2022-09-19T05:33:16","date_gmt":"2022-09-18T22:33:16","guid":{"rendered":"https:\/\/www.highseasonresort.com\/?page_id=13655"},"modified":"2022-09-21T15:10:11","modified_gmt":"2022-09-21T08:10:11","slug":"luna-de-miel-aniversario","status":"publish","type":"page","link":"https:\/\/www.highseasonresort.com\/es\/romance\/honeymoon-anniversary\/","title":{"rendered":"LUNA DE MIEL ANIVERSARIO"},"content":{"rendered":"\t\t<div data-elementor-type=\"wp-page\" data-elementor-id=\"13655\" class=\"elementor elementor-13655 elementor-10595\" data-elementor-post-type=\"page\">\n\t\t\t\t\t\t<section class=\"elementor-section elementor-top-section elementor-element elementor-element-efba71e elementor-section-full_width elementor-section-height-default elementor-section-height-default\" data-id=\"efba71e\" data-element_type=\"section\" data-e-type=\"section\">\n\t\t\t\t\t\t<div class=\"elementor-container elementor-column-gap-no\">\n\t\t\t\t\t<div class=\"elementor-column elementor-col-100 elementor-top-column elementor-element elementor-element-589a350\" data-id=\"589a350\" data-element_type=\"column\" data-e-type=\"column\">\n\t\t\t<div class=\"elementor-widget-wrap elementor-element-populated\">\n\t\t\t\t\t\t<div class=\"elementor-element elementor-element-d267c4c before-header-shadow elementor--h-position-center elementor--v-position-middle elementor-arrows-position-inside elementor-pagination-position-inside elementor-widget elementor-widget-slides\" data-id=\"d267c4c\" data-element_type=\"widget\" data-e-type=\"widget\" data-settings=\"{&quot;transition&quot;:&quot;fade&quot;,&quot;navigation&quot;:&quot;both&quot;,&quot;autoplay&quot;:&quot;yes&quot;,&quot;pause_on_hover&quot;:&quot;yes&quot;,&quot;pause_on_interaction&quot;:&quot;yes&quot;,&quot;autoplay_speed&quot;:5000,&quot;infinite&quot;:&quot;yes&quot;,&quot;transition_speed&quot;:500}\" data-widget_type=\"slides.default\">\n\t\t\t\t<div class=\"elementor-widget-container\">\n\t\t\t\t\t\t\t\t\t<div class=\"elementor-swiper\">\n\t\t\t\t\t<div class=\"elementor-slides-wrapper elementor-main-swiper swiper\" role=\"region\" aria-roledescription=\"carousel\" aria-label=\"Diapositivas\" dir=\"ltr\" data-animation=\"fadeInUp\">\n\t\t\t\t<div class=\"swiper-wrapper elementor-slides\">\n\t\t\t\t\t\t\t\t\t\t<div class=\"elementor-repeater-item-66d32e8 swiper-slide\" role=\"group\" aria-roledescription=\"slide\"><div class=\"swiper-slide-bg elementor-ken-burns elementor-ken-burns--in\" role=\"img\" aria-label=\"main-pic-07\"><\/div><div class=\"swiper-slide-inner\" ><div class=\"swiper-slide-contents\"><\/div><\/div><\/div><div class=\"elementor-repeater-item-9c87402 swiper-slide\" role=\"group\" aria-roledescription=\"slide\"><div class=\"swiper-slide-bg elementor-ken-burns elementor-ken-burns--in\" role=\"img\" aria-label=\"main-pic-04\"><\/div><div class=\"swiper-slide-inner\" ><div class=\"swiper-slide-contents\"><\/div><\/div><\/div><div class=\"elementor-repeater-item-e69a52f swiper-slide\" role=\"group\" aria-roledescription=\"slide\"><div class=\"swiper-slide-bg elementor-ken-burns elementor-ken-burns--in\" role=\"img\" aria-label=\"main-pic-01\"><\/div><div class=\"swiper-slide-inner\" ><div class=\"swiper-slide-contents\"><\/div><\/div><\/div>\t\t\t\t<\/div>\n\t\t\t\t\t\t\t\t\t\t\t\t\t\t\t<div class=\"elementor-swiper-button elementor-swiper-button-prev\" role=\"button\" tabindex=\"0\" aria-label=\"Diapositiva anterior\">\n\t\t\t\t\t\t\t<i aria-hidden=\"true\" class=\"eicon-chevron-left\"><\/i>\t\t\t\t\t\t<\/div>\n\t\t\t\t\t\t<div class=\"elementor-swiper-button elementor-swiper-button-next\" role=\"button\" tabindex=\"0\" aria-label=\"Diapositiva siguiente\">\n\t\t\t\t\t\t\t<i aria-hidden=\"true\" class=\"eicon-chevron-right\"><\/i>\t\t\t\t\t\t<\/div>\n\t\t\t\t\t\t\t\t\t\t\t\t\t\t\t\t<div class=\"swiper-pagination\"><\/div>\n\t\t\t\t\t\t\t\t\t\t\t\t<\/div>\n\t\t\t\t<\/div>\n\t\t\t\t\t\t\t\t<\/div>\n\t\t\t\t<\/div>\n\t\t\t\t\t<\/div>\n\t\t<\/div>\n\t\t\t\t\t<\/div>\n\t\t<\/section>\n\t\t\t\t<section class=\"elementor-section elementor-top-section elementor-element elementor-element-951aed5 elementor-section-boxed elementor-section-height-default elementor-section-height-default\" data-id=\"951aed5\" data-element_type=\"section\" data-e-type=\"section\" data-settings=\"{&quot;background_background&quot;:&quot;classic&quot;}\">\n\t\t\t\t\t\t<div class=\"elementor-container elementor-column-gap-default\">\n\t\t\t\t\t<div class=\"elementor-column elementor-col-33 elementor-top-column elementor-element elementor-element-7aba57c\" data-id=\"7aba57c\" data-element_type=\"column\" data-e-type=\"column\">\n\t\t\t<div class=\"elementor-widget-wrap elementor-element-populated\">\n\t\t\t\t\t\t<div class=\"elementor-element elementor-element-f352b45 elementor-drop-cap-yes mb-0 elementor-widget__width-initial elementor-drop-cap-view-default elementor-widget elementor-widget-text-editor\" data-id=\"f352b45\" data-element_type=\"widget\" data-e-type=\"widget\" data-settings=\"{&quot;drop_cap&quot;:&quot;yes&quot;}\" data-widget_type=\"text-editor.default\">\n\t\t\t\t<div class=\"elementor-widget-container\">\n\t\t\t\t\t\t\t\t\t<p>LUNA DE MIEL<\/p>\n\t\t\t\t\t\t\t\t<\/div>\n\t\t\t\t<\/div>\n\t\t\t\t<div class=\"elementor-element elementor-element-7495272 elementor-widget__width-initial elementor-widget elementor-widget-text-editor\" data-id=\"7495272\" data-element_type=\"widget\" data-e-type=\"widget\" data-widget_type=\"text-editor.default\">\n\t\t\t\t<div class=\"elementor-widget-container\">\n\t\t\t\t\t\t\t\t\t<p>ANIVERSARIO<\/p>\n\t\t\t\t\t\t\t\t<\/div>\n\t\t\t\t<\/div>\n\t\t\t\t\t<\/div>\n\t\t<\/div>\n\t\t\t\t<div class=\"elementor-column elementor-col-66 elementor-top-column elementor-element elementor-element-85c9dcd\" data-id=\"85c9dcd\" data-element_type=\"column\" data-e-type=\"column\">\n\t\t\t<div class=\"elementor-widget-wrap elementor-element-populated\">\n\t\t\t\t\t\t<div class=\"elementor-element elementor-element-950c891 elementor-widget elementor-widget-text-editor\" data-id=\"950c891\" data-element_type=\"widget\" data-e-type=\"widget\" data-widget_type=\"text-editor.default\">\n\t\t\t\t<div class=\"elementor-widget-container\">\n\t\t\t\t\t\t\t\t\t<p>Celebrate your love together. Go on an adventure, find something new to discover, relax under a palm tree or overlooking a spectacular sea view. Una luna de miel es m\u00e1s que una oportunidad para conectarse, es una oportunidad para celebrar el amor, s\u00f3lo ustedes dos. Haga que ese tiempo sea m\u00e1s especial, tendr\u00e1 una magn\u00edfica Villa en High Season Pool Villa &amp; Spa para retirarse despu\u00e9s de un d\u00eda de actividades.<\/p>\n\t\t\t\t\t\t\t\t<\/div>\n\t\t\t\t<\/div>\n\t\t\t\t\t<\/div>\n\t\t<\/div>\n\t\t\t\t\t<\/div>\n\t\t<\/section>\n\t\t\t\t<section class=\"elementor-section elementor-top-section elementor-element elementor-element-54f46a8 elementor-section-full_width elementor-section-height-default elementor-section-height-default\" data-id=\"54f46a8\" data-element_type=\"section\" data-e-type=\"section\">\n\t\t\t\t\t\t<div class=\"elementor-container elementor-column-gap-no\">\n\t\t\t\t\t<div class=\"elementor-column elementor-col-100 elementor-top-column elementor-element elementor-element-6cc2138\" data-id=\"6cc2138\" data-element_type=\"column\" data-e-type=\"column\">\n\t\t\t<div class=\"elementor-widget-wrap elementor-element-populated\">\n\t\t\t\t\t\t<section class=\"elementor-section elementor-inner-section elementor-element elementor-element-2c1fe65 elementor-section-full_width elementor-section-height-default elementor-section-height-default\" data-id=\"2c1fe65\" data-element_type=\"section\" data-e-type=\"section\">\n\t\t\t\t\t\t<div class=\"elementor-container elementor-column-gap-wider\">\n\t\t\t\t\t<div class=\"elementor-column elementor-col-50 elementor-inner-column elementor-element elementor-element-761efe2\" data-id=\"761efe2\" data-element_type=\"column\" data-e-type=\"column\">\n\t\t\t<div class=\"elementor-widget-wrap elementor-element-populated\">\n\t\t\t\t\t\t<div class=\"elementor-element elementor-element-032ca02 elementor-widget elementor-widget-text-editor\" data-id=\"032ca02\" data-element_type=\"widget\" data-e-type=\"widget\" data-widget_type=\"text-editor.default\">\n\t\t\t\t<div class=\"elementor-widget-container\">\n\t\t\t\t\t\t\t\t\t<p><strong>ANIVERSARIO :<\/strong><br \/>Un aniversario es una oportunidad para reconocer y celebrar juntos su tiempo como pareja. Tambi\u00e9n es una oportunidad para reavivar el amor y volver a las etapas rom\u00e1nticas de su relaci\u00f3n inicial. Aprecie el tiempo, convi\u00e9rtalo en una oportunidad para decirse mutuamente cu\u00e1nto significan para el otro y \u00faselo para inyectar una nueva pasi\u00f3n en la relaci\u00f3n. Un aniversario tambi\u00e9n es una oportunidad para que los ni\u00f1os adultos celebren y agradezcan a sus padres. Deje que sus padres pasen el tiempo juntos que se merecen y que experimenten algo nuevo. Significar\u00e1 el mundo para ellos.<\/p>\n\t\t\t\t\t\t\t\t<\/div>\n\t\t\t\t<\/div>\n\t\t\t\t\t<\/div>\n\t\t<\/div>\n\t\t\t\t<div class=\"elementor-column elementor-col-50 elementor-inner-column elementor-element elementor-element-85e7ddb\" data-id=\"85e7ddb\" data-element_type=\"column\" data-e-type=\"column\">\n\t\t\t<div class=\"elementor-widget-wrap\">\n\t\t\t\t\t\t\t<\/div>\n\t\t<\/div>\n\t\t\t\t\t<\/div>\n\t\t<\/section>\n\t\t\t\t<div class=\"elementor-element elementor-element-15820e3 mb-0 elementor-widget elementor-widget-image\" data-id=\"15820e3\" data-element_type=\"widget\" data-e-type=\"widget\" data-widget_type=\"image.default\">\n\t\t\t\t<div class=\"elementor-widget-container\">\n\t\t\t\t\t\t\t\t\t\t\t\t\t\t\t<img fetchpriority=\"high\" decoding=\"async\" width=\"1280\" height=\"720\" src=\"https:\/\/www.highseasonresort.com\/wp-content\/uploads\/2021\/10\/21-1280x720.jpg\" class=\"attachment-photo-hd size-photo-hd wp-image-9831\" alt=\"\" srcset=\"https:\/\/www.highseasonresort.com\/wp-content\/uploads\/2021\/10\/21-1280x720.jpg 1280w, https:\/\/www.highseasonresort.com\/wp-content\/uploads\/2021\/10\/21-640x360.jpg 640w\" sizes=\"(max-width: 1280px) 100vw, 1280px\" title=\"\">\t\t\t\t\t\t\t\t\t\t\t\t\t\t\t<\/div>\n\t\t\t\t<\/div>\n\t\t\t\t\t<\/div>\n\t\t<\/div>\n\t\t\t\t\t<\/div>\n\t\t<\/section>\n\t\t\t\t<section class=\"elementor-section elementor-top-section elementor-element elementor-element-0b7ef45 elementor-section-full_width elementor-section-height-default elementor-section-height-default\" data-id=\"0b7ef45\" data-element_type=\"section\" data-e-type=\"section\" data-settings=\"{&quot;background_background&quot;:&quot;classic&quot;}\">\n\t\t\t\t\t\t<div class=\"elementor-container elementor-column-gap-no\">\n\t\t\t\t\t<div class=\"elementor-column elementor-col-50 elementor-top-column elementor-element elementor-element-71dc049\" data-id=\"71dc049\" data-element_type=\"column\" data-e-type=\"column\">\n\t\t\t<div class=\"elementor-widget-wrap elementor-element-populated\">\n\t\t\t\t\t\t<div class=\"elementor-element elementor-element-f5f4796 elementor-widget elementor-widget-image\" data-id=\"f5f4796\" data-element_type=\"widget\" data-e-type=\"widget\" data-widget_type=\"image.default\">\n\t\t\t\t<div class=\"elementor-widget-container\">\n\t\t\t\t\t\t\t\t\t\t\t\t\t\t\t<img decoding=\"async\" width=\"1024\" height=\"683\" src=\"https:\/\/www.highseasonresort.com\/wp-content\/uploads\/2020\/07\/main-pic-06-6-1024x683.jpg\" class=\"attachment-large size-large wp-image-4652\" alt=\"\" srcset=\"https:\/\/www.highseasonresort.com\/wp-content\/uploads\/2020\/07\/main-pic-06-6-1024x683.jpg 1024w, https:\/\/www.highseasonresort.com\/wp-content\/uploads\/2020\/07\/main-pic-06-6-300x200.jpg 300w, https:\/\/www.highseasonresort.com\/wp-content\/uploads\/2020\/07\/main-pic-06-6-768x512.jpg 768w, https:\/\/www.highseasonresort.com\/wp-content\/uploads\/2020\/07\/main-pic-06-6-1536x1024.jpg 1536w, https:\/\/www.highseasonresort.com\/wp-content\/uploads\/2020\/07\/main-pic-06-6-600x400.jpg 600w, https:\/\/www.highseasonresort.com\/wp-content\/uploads\/2020\/07\/main-pic-06-6-1500x1000.jpg 1500w, https:\/\/www.highseasonresort.com\/wp-content\/uploads\/2020\/07\/main-pic-06-6.jpg 1900w\" sizes=\"(max-width: 1024px) 100vw, 1024px\" title=\"\">\t\t\t\t\t\t\t\t\t\t\t\t\t\t\t<\/div>\n\t\t\t\t<\/div>\n\t\t\t\t\t<\/div>\n\t\t<\/div>\n\t\t\t\t<div class=\"elementor-column elementor-col-50 elementor-top-column elementor-element elementor-element-36aba54\" data-id=\"36aba54\" data-element_type=\"column\" data-e-type=\"column\">\n\t\t\t<div class=\"elementor-widget-wrap elementor-element-populated\">\n\t\t\t\t\t\t<div class=\"elementor-element elementor-element-64ab444 elementor-widget elementor-widget-heading\" data-id=\"64ab444\" data-element_type=\"widget\" data-e-type=\"widget\" data-widget_type=\"heading.default\">\n\t\t\t\t<div class=\"elementor-widget-container\">\n\t\t\t\t\t<h2 class=\"elementor-heading-title elementor-size-medium\">PAQUETE DE ANIVERSARIO:<\/h2>\t\t\t\t<\/div>\n\t\t\t\t<\/div>\n\t\t\t\t<div class=\"elementor-element elementor-element-6121b0e elementor-widget elementor-widget-text-editor\" data-id=\"6121b0e\" data-element_type=\"widget\" data-e-type=\"widget\" data-widget_type=\"text-editor.default\">\n\t\t\t\t<div class=\"elementor-widget-container\">\n\t\t\t\t\t\t\t\t\t<p>Encienda la chispa con su ser querido. Experimente el romance en su santuario con las siguientes inclusiones:<\/p>\n<p>Desayuno diario para 2 personas en la villa seleccionada<br \/>Momento \u00edntimo (ba\u00f1o de flores) en su villa a su llegada<br \/>Cama de luna de miel en la fecha de llegada<br \/>Una botella de vino por estad\u00eda<br \/>Mini bar sin bebidas alcoh\u00f3licas con reposici\u00f3n diaria<br \/>T\u00e9 \u00fanico por la tarde en el restaurante frente a la playa<br \/>60 minutos de masaje de aromaterapia para 2 personas en High Spa<\/p>\n\t\t\t\t\t\t\t\t<\/div>\n\t\t\t\t<\/div>\n\t\t\t\t\t<\/div>\n\t\t<\/div>\n\t\t\t\t\t<\/div>\n\t\t<\/section>\n\t\t\t\t<section class=\"elementor-section elementor-top-section elementor-element elementor-element-688fa7f elementor-section-full_width elementor-section-height-default elementor-section-height-default\" data-id=\"688fa7f\" data-element_type=\"section\" data-e-type=\"section\" data-settings=\"{&quot;background_background&quot;:&quot;classic&quot;}\">\n\t\t\t\t\t\t<div class=\"elementor-container elementor-column-gap-default\">\n\t\t\t\t\t<div class=\"elementor-column elementor-col-100 elementor-top-column elementor-element elementor-element-e4f7932\" data-id=\"e4f7932\" data-element_type=\"column\" data-e-type=\"column\">\n\t\t\t<div class=\"elementor-widget-wrap elementor-element-populated\">\n\t\t\t\t\t\t<div class=\"elementor-element elementor-element-6bd00fc elementor-widget elementor-widget-heading\" data-id=\"6bd00fc\" data-element_type=\"widget\" data-e-type=\"widget\" data-widget_type=\"heading.default\">\n\t\t\t\t<div class=\"elementor-widget-container\">\n\t\t\t\t\t<h3 class=\"elementor-heading-title elementor-size-default\">EXPLORA NUESTRO MOMENTO ROM\u00c1NTICO :<\/h3>\t\t\t\t<\/div>\n\t\t\t\t<\/div>\n\t\t\t\t\t<\/div>\n\t\t<\/div>\n\t\t\t\t\t<\/div>\n\t\t<\/section>\n\t\t\t\t<section class=\"elementor-section elementor-top-section elementor-element elementor-element-99cb43c elementor-section-full_width elementor-section-height-default elementor-section-height-default\" data-id=\"99cb43c\" data-element_type=\"section\" data-e-type=\"section\">\n\t\t\t\t\t\t<div class=\"elementor-container elementor-column-gap-no\">\n\t\t\t\t\t<div class=\"elementor-column elementor-col-33 elementor-top-column elementor-element elementor-element-c54c8e4\" data-id=\"c54c8e4\" data-element_type=\"column\" data-e-type=\"column\">\n\t\t\t<div class=\"elementor-widget-wrap elementor-element-populated\">\n\t\t\t\t\t\t<div class=\"elementor-element elementor-element-de01ec0 mb-0 elementor-widget elementor-widget-image\" data-id=\"de01ec0\" data-element_type=\"widget\" data-e-type=\"widget\" data-widget_type=\"image.default\">\n\t\t\t\t<div class=\"elementor-widget-container\">\n\t\t\t\t\t\t\t\t\t\t\t\t\t\t\t\t<a href=\"https:\/\/www.highseasonresort.com\/es\/romance\/honeymoon-anniversary\/\">\n\t\t\t\t\t\t\t<img decoding=\"async\" width=\"600\" height=\"600\" src=\"https:\/\/www.highseasonresort.com\/wp-content\/uploads\/2020\/07\/main-pic-07-5-600x600.jpg\" class=\"attachment-photo-sq size-photo-sq wp-image-4649\" alt=\"\" srcset=\"https:\/\/www.highseasonresort.com\/wp-content\/uploads\/2020\/07\/main-pic-07-5-600x600.jpg 600w, https:\/\/www.highseasonresort.com\/wp-content\/uploads\/2020\/07\/main-pic-07-5-150x150.jpg 150w\" sizes=\"(max-width: 600px) 100vw, 600px\" title=\"\">\t\t\t\t\t\t\t\t<\/a>\n\t\t\t\t\t\t\t\t\t\t\t\t\t\t\t<\/div>\n\t\t\t\t<\/div>\n\t\t\t\t<section class=\"elementor-section elementor-inner-section elementor-element elementor-element-1e9de20 elementor-section-boxed elementor-section-height-default elementor-section-height-default\" data-id=\"1e9de20\" data-element_type=\"section\" data-e-type=\"section\">\n\t\t\t\t\t\t<div class=\"elementor-container elementor-column-gap-default\">\n\t\t\t\t\t<div class=\"elementor-column elementor-col-100 elementor-inner-column elementor-element elementor-element-8fa3b09\" data-id=\"8fa3b09\" data-element_type=\"column\" data-e-type=\"column\">\n\t\t\t<div class=\"elementor-widget-wrap elementor-element-populated\">\n\t\t\t\t\t\t<div class=\"elementor-element elementor-element-2ecc357 elementor-widget elementor-widget-heading\" data-id=\"2ecc357\" data-element_type=\"widget\" data-e-type=\"widget\" data-widget_type=\"heading.default\">\n\t\t\t\t<div class=\"elementor-widget-container\">\n\t\t\t\t\t<h4 class=\"elementor-heading-title elementor-size-medium\"><a href=\"https:\/\/www.highseasonresort.com\/es\/romance\/honeymoon-anniversary\/\">Luna de Miel Aniversario<\/a><\/h4>\t\t\t\t<\/div>\n\t\t\t\t<\/div>\n\t\t\t\t\t<\/div>\n\t\t<\/div>\n\t\t\t\t\t<\/div>\n\t\t<\/section>\n\t\t\t\t\t<\/div>\n\t\t<\/div>\n\t\t\t\t<div class=\"elementor-column elementor-col-33 elementor-top-column elementor-element elementor-element-2177d19\" data-id=\"2177d19\" data-element_type=\"column\" data-e-type=\"column\">\n\t\t\t<div class=\"elementor-widget-wrap elementor-element-populated\">\n\t\t\t\t\t\t<div class=\"elementor-element elementor-element-83cf0c7 mb-0 elementor-widget elementor-widget-image\" data-id=\"83cf0c7\" data-element_type=\"widget\" data-e-type=\"widget\" data-widget_type=\"image.default\">\n\t\t\t\t<div class=\"elementor-widget-container\">\n\t\t\t\t\t\t\t\t\t\t\t\t\t\t\t\t<a href=\"https:\/\/www.highseasonresort.com\/es\/romance\/high-wedding-experience\/\">\n\t\t\t\t\t\t\t<img loading=\"lazy\" decoding=\"async\" width=\"600\" height=\"600\" src=\"https:\/\/www.highseasonresort.com\/wp-content\/uploads\/2020\/08\/main-pic-04-600x600.jpg\" class=\"attachment-photo-sq size-photo-sq wp-image-6789\" alt=\"\" srcset=\"https:\/\/www.highseasonresort.com\/wp-content\/uploads\/2020\/08\/main-pic-04-600x600.jpg 600w, https:\/\/www.highseasonresort.com\/wp-content\/uploads\/2020\/08\/main-pic-04-150x150.jpg 150w\" sizes=\"(max-width: 600px) 100vw, 600px\" title=\"\">\t\t\t\t\t\t\t\t<\/a>\n\t\t\t\t\t\t\t\t\t\t\t\t\t\t\t<\/div>\n\t\t\t\t<\/div>\n\t\t\t\t<section class=\"elementor-section elementor-inner-section elementor-element elementor-element-bcc6863 elementor-section-boxed elementor-section-height-default elementor-section-height-default\" data-id=\"bcc6863\" data-element_type=\"section\" data-e-type=\"section\">\n\t\t\t\t\t\t\t<div class=\"elementor-background-overlay\"><\/div>\n\t\t\t\t\t\t\t<div class=\"elementor-container elementor-column-gap-default\">\n\t\t\t\t\t<div class=\"elementor-column elementor-col-100 elementor-inner-column elementor-element elementor-element-faa7358\" data-id=\"faa7358\" data-element_type=\"column\" data-e-type=\"column\">\n\t\t\t<div class=\"elementor-widget-wrap elementor-element-populated\">\n\t\t\t\t\t\t<div class=\"elementor-element elementor-element-196472b elementor-widget elementor-widget-heading\" data-id=\"196472b\" data-element_type=\"widget\" data-e-type=\"widget\" data-widget_type=\"heading.default\">\n\t\t\t\t<div class=\"elementor-widget-container\">\n\t\t\t\t\t<h4 class=\"elementor-heading-title elementor-size-medium\"><a href=\"https:\/\/www.highseasonresort.com\/es\/romance\/high-wedding-experience\/\">Boda de alta gama<\/a><\/h4>\t\t\t\t<\/div>\n\t\t\t\t<\/div>\n\t\t\t\t\t<\/div>\n\t\t<\/div>\n\t\t\t\t\t<\/div>\n\t\t<\/section>\n\t\t\t\t\t<\/div>\n\t\t<\/div>\n\t\t\t\t<div class=\"elementor-column elementor-col-33 elementor-top-column elementor-element elementor-element-2759350\" data-id=\"2759350\" data-element_type=\"column\" data-e-type=\"column\">\n\t\t\t<div class=\"elementor-widget-wrap elementor-element-populated\">\n\t\t\t\t\t\t<div class=\"elementor-element elementor-element-9934012 mb-0 elementor-widget elementor-widget-image\" data-id=\"9934012\" data-element_type=\"widget\" data-e-type=\"widget\" data-widget_type=\"image.default\">\n\t\t\t\t<div class=\"elementor-widget-container\">\n\t\t\t\t\t\t\t\t\t\t\t\t\t\t\t\t<a href=\"https:\/\/www.highseasonresort.com\/es\/romance\/high-season-romantic-beach-dinner-the-perfect-escape-for-couples\/\">\n\t\t\t\t\t\t\t<img loading=\"lazy\" decoding=\"async\" width=\"600\" height=\"600\" src=\"https:\/\/www.highseasonresort.com\/wp-content\/uploads\/2020\/07\/main-pic-01-7-600x600.jpg\" class=\"attachment-photo-sq size-photo-sq wp-image-1587\" alt=\"\" srcset=\"https:\/\/www.highseasonresort.com\/wp-content\/uploads\/2020\/07\/main-pic-01-7-600x600.jpg 600w, https:\/\/www.highseasonresort.com\/wp-content\/uploads\/2020\/07\/main-pic-01-7-150x150.jpg 150w\" sizes=\"(max-width: 600px) 100vw, 600px\" title=\"\">\t\t\t\t\t\t\t\t<\/a>\n\t\t\t\t\t\t\t\t\t\t\t\t\t\t\t<\/div>\n\t\t\t\t<\/div>\n\t\t\t\t<section class=\"elementor-section elementor-inner-section elementor-element elementor-element-686041a elementor-section-boxed elementor-section-height-default elementor-section-height-default\" data-id=\"686041a\" data-element_type=\"section\" data-e-type=\"section\">\n\t\t\t\t\t\t\t<div class=\"elementor-background-overlay\"><\/div>\n\t\t\t\t\t\t\t<div class=\"elementor-container elementor-column-gap-default\">\n\t\t\t\t\t<div class=\"elementor-column elementor-col-100 elementor-inner-column elementor-element elementor-element-de98d05\" data-id=\"de98d05\" data-element_type=\"column\" data-e-type=\"column\">\n\t\t\t<div class=\"elementor-widget-wrap elementor-element-populated\">\n\t\t\t\t\t\t<div class=\"elementor-element elementor-element-9eb8fc5 elementor-widget elementor-widget-heading\" data-id=\"9eb8fc5\" data-element_type=\"widget\" data-e-type=\"widget\" data-widget_type=\"heading.default\">\n\t\t\t\t<div class=\"elementor-widget-container\">\n\t\t\t\t\t<h4 class=\"elementor-heading-title elementor-size-medium\"><a href=\"https:\/\/www.highseasonresort.com\/es\/romance\/high-season-romantic-beach-dinner-the-perfect-escape-for-couples\/\">Cena rom\u00e1ntica<\/a><\/h4>\t\t\t\t<\/div>\n\t\t\t\t<\/div>\n\t\t\t\t\t<\/div>\n\t\t<\/div>\n\t\t\t\t\t<\/div>\n\t\t<\/section>\n\t\t\t\t\t<\/div>\n\t\t<\/div>\n\t\t\t\t\t<\/div>\n\t\t<\/section>\n\t\t\t\t<\/div>\n\t\t","protected":false},"excerpt":{"rendered":"<p>Previous Next LUNA DE MIEL ANIVERSARIO Celebrate your love together. Go on an adventure, find something new to discover, relax under a palm tree or overlooking a spectacular sea view. Una luna de miel es m\u00e1s que una oportunidad para conectarse, es una oportunidad para celebrar el amor, s\u00f3lo ustedes dos. Haga que ese tiempo [&hellip;]<\/p>\n","protected":false},"author":1,"featured_media":0,"parent":0,"menu_order":0,"comment_status":"closed","ping_status":"closed","template":"templates\/page-elementor.php","meta":{"inline_featured_image":false,"footnotes":""},"class_list":["post-13655","page","type-page","status-publish","hentry"],"meta_box":{"resort_images":[],"resort_title":"","resort_content":"","resort_img":[],"exp_images":[],"cuisine_images":[],"event_gallery":[],"event_file_enabled":"","event_file":[],"event_group":[],"location_group_slide":[],"location_image_gallery":[],"destination_header":"","destination_group":[],"destination_join_title":"","destination_join_group":[],"destination_join_content":"","destination_remark_title":"","destination_remark_content":"","destination_other_title":"","destination_other_content":"","cover_home_group":[],"cover_home_type":"","cover_home_video":[],"cover_home_img":false,"middle_rooms_title":"","middle_rooms_desc":"","middle_rooms_images":[],"middle_rooms_select":"","middle_exp_title":"","middle_exp_desc":"","middle_exp_images":[],"middle_map_header":"","middle_map_subheader":"","middle_map_desc":"","instagram_text":"","instagram_images":[],"spa_images":[],"spa_title":"","spa_content":"","spa_gallery":[],"press_desc":"","press_email":"","press_group":[],"ourteam_title":"","ourteam_desc":"","ourteam_gallery":[]},"_links":{"self":[{"href":"https:\/\/www.highseasonresort.com\/es\/wp-json\/wp\/v2\/pages\/13655","targetHints":{"allow":["GET"]}}],"collection":[{"href":"https:\/\/www.highseasonresort.com\/es\/wp-json\/wp\/v2\/pages"}],"about":[{"href":"https:\/\/www.highseasonresort.com\/es\/wp-json\/wp\/v2\/types\/page"}],"author":[{"embeddable":true,"href":"https:\/\/www.highseasonresort.com\/es\/wp-json\/wp\/v2\/users\/1"}],"replies":[{"embeddable":true,"href":"https:\/\/www.highseasonresort.com\/es\/wp-json\/wp\/v2\/comments?post=13655"}],"version-history":[{"count":9,"href":"https:\/\/www.highseasonresort.com\/es\/wp-json\/wp\/v2\/pages\/13655\/revisions"}],"predecessor-version":[{"id":15982,"href":"https:\/\/www.highseasonresort.com\/es\/wp-json\/wp\/v2\/pages\/13655\/revisions\/15982"}],"wp:attachment":[{"href":"https:\/\/www.highseasonresort.com\/es\/wp-json\/wp\/v2\/media?parent=13655"}],"curies":[{"name":"wp","href":"https:\/\/api.w.org\/{rel}","templated":true}]}}