{"id":3115,"date":"2020-07-15T17:08:45","date_gmt":"2020-07-15T10:08:45","guid":{"rendered":"http:\/\/localhost\/wp-highseason\/join-ourteam\/"},"modified":"2020-07-24T16:37:53","modified_gmt":"2020-07-24T09:37:53","slug":"join-ourteam","status":"publish","type":"page","link":"https:\/\/www.highseasonresort.com\/es\/join-ourteam\/","title":{"rendered":"NUESTRO EQUIPO"},"content":{"rendered":"\n<p>En High Season Pool Villa &amp; Spa, creemos que nuestro equipo es nuestra mayor riqueza. Sin ellos y su enfoque personalizado con nuestros hu\u00e9spedes, no podr\u00edamos ofrecer el alto nivel de servicio por el que nos hemos hecho tan conocidos. Con m\u00e1s de 200 miembros trabajando directamente con nuestros invitados, as\u00ed como detr\u00e1s de escena, el trabajo en equipo y la comunicaci\u00f3n cercana son las claves fundamentales de nuestro \u00e9xito.<\/p>\n","protected":false},"excerpt":{"rendered":"<p>En High Season Pool Villa &amp; Spa, creemos que nuestro equipo es nuestra mayor riqueza. Sin ellos y su enfoque personalizado con nuestros hu\u00e9spedes, no podr\u00edamos ofrecer el alto nivel de servicio por el que nos hemos hecho tan conocidos. Con m\u00e1s de 200 miembros trabajando directamente con nuestros invitados, as\u00ed como detr\u00e1s de escena, [&hellip;]<\/p>\n","protected":false},"author":1,"featured_media":3117,"parent":0,"menu_order":0,"comment_status":"closed","ping_status":"closed","template":"templates\/page-join-team.php","meta":{"inline_featured_image":false,"footnotes":""},"class_list":["post-3115","page","type-page","status-publish","has-post-thumbnail","hentry"],"meta_box":{"resort_images":[],"resort_title":"","resort_content":"","resort_img":[],"exp_images":[],"cuisine_images":[],"event_gallery":[],"event_file_enabled":"","event_file":[],"event_group":[],"location_group_slide":[],"location_image_gallery":[],"destination_header":"","destination_group":[],"destination_join_title":"","destination_join_group":[],"destination_join_content":"","destination_remark_title":"","destination_remark_content":"","destination_other_title":"","destination_other_content":"","cover_home_group":[],"cover_home_type":"","cover_home_video":[],"cover_home_img":false,"middle_rooms_title":"","middle_rooms_desc":"","middle_rooms_images":[],"middle_rooms_select":"","middle_exp_title":"","middle_exp_desc":"","middle_exp_images":[],"middle_map_header":"","middle_map_subheader":"","middle_map_desc":"","instagram_text":"","instagram_images":[],"spa_images":[],"spa_title":"","spa_content":"","spa_gallery":[],"press_desc":"","press_email":"","press_group":[],"ourteam_title":"Muchos de los miembros","ourteam_desc":"<p>de nuestro equipo son de Koh Kood, Trat y otras provincias, mientras que otros provienen del sur, centro, norte y noreste del Reino. Lo importante es que cuando trabajamos juntos es como una familia muy unida. Muchos de nuestros hu\u00e9spedes han comentado sobre las experiencias memorables que han tenido durante su estad\u00eda con nosotros gracias a un miembro del personal en particular o varios miembros del equipo. Este es siempre el mejor cumplido que podr\u00edamos pedir y son comentarios como este que nos inspiran a todos a seguir trabajando para mejorar lo que hacemos todos los d\u00edas en beneficio de nuestros hu\u00e9spedes y entre nosotros mismos.<\/p>\n","ourteam_gallery":[{"width":150,"height":150,"file":"2020\/07\/main-pic-06-12.jpg","sizes":{"medium":{"file":"main-pic-06-12-300x200.jpg","width":300,"height":200,"mime-type":"image\/jpeg","url":"https:\/\/www.highseasonresort.com\/wp-content\/uploads\/2020\/07\/main-pic-06-12-300x200.jpg"},"large":{"file":"main-pic-06-12-1024x683.jpg","width":1024,"height":683,"mime-type":"image\/jpeg","url":"https:\/\/www.highseasonresort.com\/wp-content\/uploads\/2020\/07\/main-pic-06-12-1024x683.jpg"},"thumbnail":{"file":"main-pic-06-12-150x150.jpg","width":150,"height":150,"mime-type":"image\/jpeg","url":"https:\/\/www.highseasonresort.com\/wp-content\/uploads\/2020\/07\/main-pic-06-12-150x150.jpg"},"medium_large":{"file":"main-pic-06-12-768x512.jpg","width":768,"height":512,"mime-type":"image\/jpeg","url":"https:\/\/www.highseasonresort.com\/wp-content\/uploads\/2020\/07\/main-pic-06-12-768x512.jpg"},"1536x1536":{"file":"main-pic-06-12-1536x1024.jpg","width":1536,"height":1024,"mime-type":"image\/jpeg","url":"https:\/\/www.highseasonresort.com\/wp-content\/uploads\/2020\/07\/main-pic-06-12-1536x1024.jpg"},"photo":{"file":"main-pic-06-12-600x400.jpg","width":600,"height":400,"mime-type":"image\/jpeg","url":"https:\/\/www.highseasonresort.com\/wp-content\/uploads\/2020\/07\/main-pic-06-12-600x400.jpg"},"photo-sm":{"file":"main-pic-06-12-300x200.jpg","width":300,"height":200,"mime-type":"image\/jpeg","url":"https:\/\/www.highseasonresort.com\/wp-content\/uploads\/2020\/07\/main-pic-06-12-300x200.jpg"},"photo-sq":{"file":"main-pic-06-12-600x600.jpg","width":600,"height":600,"mime-type":"image\/jpeg","url":"https:\/\/www.highseasonresort.com\/wp-content\/uploads\/2020\/07\/main-pic-06-12-600x600.jpg"},"photo-sd":{"file":"main-pic-06-12-640x360.jpg","width":640,"height":360,"mime-type":"image\/jpeg","url":"https:\/\/www.highseasonresort.com\/wp-content\/uploads\/2020\/07\/main-pic-06-12-640x360.jpg"},"photo-hd":{"file":"main-pic-06-12-1280x720.jpg","width":1280,"height":720,"mime-type":"image\/jpeg","url":"https:\/\/www.highseasonresort.com\/wp-content\/uploads\/2020\/07\/main-pic-06-12-1280x720.jpg"},"cover":{"file":"main-pic-06-12-1500x1000.jpg","width":1500,"height":1000,"mime-type":"image\/jpeg","url":"https:\/\/www.highseasonresort.com\/wp-content\/uploads\/2020\/07\/main-pic-06-12-1500x1000.jpg"},"menu-24x24":{"file":"main-pic-06-12-24x16.jpg","width":24,"height":16,"mime-type":"image\/jpeg","url":"https:\/\/www.highseasonresort.com\/wp-content\/uploads\/2020\/07\/main-pic-06-12-24x16.jpg"},"menu-36x36":{"file":"main-pic-06-12-36x24.jpg","width":36,"height":24,"mime-type":"image\/jpeg","url":"https:\/\/www.highseasonresort.com\/wp-content\/uploads\/2020\/07\/main-pic-06-12-36x24.jpg"},"menu-48x48":{"file":"main-pic-06-12-48x32.jpg","width":48,"height":32,"mime-type":"image\/jpeg","url":"https:\/\/www.highseasonresort.com\/wp-content\/uploads\/2020\/07\/main-pic-06-12-48x32.jpg"}},"image_meta":{"aperture":"2.5","credit":"","camera":"NIKON D850","caption":"","created_timestamp":"1561398900","copyright":"","focal_length":"58","iso":"200","shutter_speed":"0.00125","title":"","orientation":"1","keywords":[]},"ID":"398","name":"main-pic-06-12.jpg","path":"\/var\/www\/vhosts\/highseasonresort.com\/httpdocs\/wp-content\/uploads\/2020\/07\/main-pic-06-12.jpg","url":"https:\/\/www.highseasonresort.com\/wp-content\/uploads\/2020\/07\/main-pic-06-12-150x150.jpg","full_url":"https:\/\/www.highseasonresort.com\/wp-content\/uploads\/2020\/07\/main-pic-06-12.jpg","title":"main-pic-06","caption":"","description":"","alt":"","srcset":"https:\/\/www.highseasonresort.com\/wp-content\/uploads\/2020\/07\/main-pic-06-12-150x150.jpg 150w, https:\/\/www.highseasonresort.com\/wp-content\/uploads\/2020\/07\/main-pic-06-12-600x600.jpg 600w"},{"width":150,"height":150,"file":"2020\/07\/main-pic-04-19.jpg","sizes":{"medium":{"file":"main-pic-04-19-300x225.jpg","width":300,"height":225,"mime-type":"image\/jpeg","url":"https:\/\/www.highseasonresort.com\/wp-content\/uploads\/2020\/07\/main-pic-04-19-300x225.jpg"},"large":{"file":"main-pic-04-19-1024x769.jpg","width":1024,"height":769,"mime-type":"image\/jpeg","url":"https:\/\/www.highseasonresort.com\/wp-content\/uploads\/2020\/07\/main-pic-04-19-1024x769.jpg"},"thumbnail":{"file":"main-pic-04-19-150x150.jpg","width":150,"height":150,"mime-type":"image\/jpeg","url":"https:\/\/www.highseasonresort.com\/wp-content\/uploads\/2020\/07\/main-pic-04-19-150x150.jpg"},"medium_large":{"file":"main-pic-04-19-768x577.jpg","width":768,"height":577,"mime-type":"image\/jpeg","url":"https:\/\/www.highseasonresort.com\/wp-content\/uploads\/2020\/07\/main-pic-04-19-768x577.jpg"},"1536x1536":{"file":"main-pic-04-19-1536x1154.jpg","width":1536,"height":1154,"mime-type":"image\/jpeg","url":"https:\/\/www.highseasonresort.com\/wp-content\/uploads\/2020\/07\/main-pic-04-19-1536x1154.jpg"},"photo":{"file":"main-pic-04-19-600x400.jpg","width":600,"height":400,"mime-type":"image\/jpeg","url":"https:\/\/www.highseasonresort.com\/wp-content\/uploads\/2020\/07\/main-pic-04-19-600x400.jpg"},"photo-sm":{"file":"main-pic-04-19-300x200.jpg","width":300,"height":200,"mime-type":"image\/jpeg","url":"https:\/\/www.highseasonresort.com\/wp-content\/uploads\/2020\/07\/main-pic-04-19-300x200.jpg"},"photo-sq":{"file":"main-pic-04-19-600x600.jpg","width":600,"height":600,"mime-type":"image\/jpeg","url":"https:\/\/www.highseasonresort.com\/wp-content\/uploads\/2020\/07\/main-pic-04-19-600x600.jpg"},"photo-sd":{"file":"main-pic-04-19-640x360.jpg","width":640,"height":360,"mime-type":"image\/jpeg","url":"https:\/\/www.highseasonresort.com\/wp-content\/uploads\/2020\/07\/main-pic-04-19-640x360.jpg"},"photo-hd":{"file":"main-pic-04-19-1280x720.jpg","width":1280,"height":720,"mime-type":"image\/jpeg","url":"https:\/\/www.highseasonresort.com\/wp-content\/uploads\/2020\/07\/main-pic-04-19-1280x720.jpg"},"cover":{"file":"main-pic-04-19-1500x1127.jpg","width":1500,"height":1127,"mime-type":"image\/jpeg","url":"https:\/\/www.highseasonresort.com\/wp-content\/uploads\/2020\/07\/main-pic-04-19-1500x1127.jpg"},"menu-24x24":{"file":"main-pic-04-19-24x18.jpg","width":24,"height":18,"mime-type":"image\/jpeg","url":"https:\/\/www.highseasonresort.com\/wp-content\/uploads\/2020\/07\/main-pic-04-19-24x18.jpg"},"menu-36x36":{"file":"main-pic-04-19-36x27.jpg","width":36,"height":27,"mime-type":"image\/jpeg","url":"https:\/\/www.highseasonresort.com\/wp-content\/uploads\/2020\/07\/main-pic-04-19-36x27.jpg"},"menu-48x48":{"file":"main-pic-04-19-48x36.jpg","width":48,"height":36,"mime-type":"image\/jpeg","url":"https:\/\/www.highseasonresort.com\/wp-content\/uploads\/2020\/07\/main-pic-04-19-48x36.jpg"}},"image_meta":{"aperture":"4.5","credit":"","camera":"DMC-G85","caption":"","created_timestamp":"1542123398","copyright":"","focal_length":"16","iso":"200","shutter_speed":"0.00625","title":"","orientation":"1","keywords":[]},"ID":"396","name":"main-pic-04-19.jpg","path":"\/var\/www\/vhosts\/highseasonresort.com\/httpdocs\/wp-content\/uploads\/2020\/07\/main-pic-04-19.jpg","url":"https:\/\/www.highseasonresort.com\/wp-content\/uploads\/2020\/07\/main-pic-04-19-150x150.jpg","full_url":"https:\/\/www.highseasonresort.com\/wp-content\/uploads\/2020\/07\/main-pic-04-19.jpg","title":"main-pic-04","caption":"","description":"","alt":"","srcset":"https:\/\/www.highseasonresort.com\/wp-content\/uploads\/2020\/07\/main-pic-04-19-150x150.jpg 150w, https:\/\/www.highseasonresort.com\/wp-content\/uploads\/2020\/07\/main-pic-04-19-600x600.jpg 600w"},{"width":150,"height":150,"file":"2020\/07\/main-pic-05-17.jpg","sizes":{"medium":{"file":"main-pic-05-17-300x200.jpg","width":300,"height":200,"mime-type":"image\/jpeg","url":"https:\/\/www.highseasonresort.com\/wp-content\/uploads\/2020\/07\/main-pic-05-17-300x200.jpg"},"large":{"file":"main-pic-05-17-1024x683.jpg","width":1024,"height":683,"mime-type":"image\/jpeg","url":"https:\/\/www.highseasonresort.com\/wp-content\/uploads\/2020\/07\/main-pic-05-17-1024x683.jpg"},"thumbnail":{"file":"main-pic-05-17-150x150.jpg","width":150,"height":150,"mime-type":"image\/jpeg","url":"https:\/\/www.highseasonresort.com\/wp-content\/uploads\/2020\/07\/main-pic-05-17-150x150.jpg"},"medium_large":{"file":"main-pic-05-17-768x512.jpg","width":768,"height":512,"mime-type":"image\/jpeg","url":"https:\/\/www.highseasonresort.com\/wp-content\/uploads\/2020\/07\/main-pic-05-17-768x512.jpg"},"1536x1536":{"file":"main-pic-05-17-1536x1024.jpg","width":1536,"height":1024,"mime-type":"image\/jpeg","url":"https:\/\/www.highseasonresort.com\/wp-content\/uploads\/2020\/07\/main-pic-05-17-1536x1024.jpg"},"photo":{"file":"main-pic-05-17-600x400.jpg","width":600,"height":400,"mime-type":"image\/jpeg","url":"https:\/\/www.highseasonresort.com\/wp-content\/uploads\/2020\/07\/main-pic-05-17-600x400.jpg"},"photo-sm":{"file":"main-pic-05-17-300x200.jpg","width":300,"height":200,"mime-type":"image\/jpeg","url":"https:\/\/www.highseasonresort.com\/wp-content\/uploads\/2020\/07\/main-pic-05-17-300x200.jpg"},"photo-sq":{"file":"main-pic-05-17-600x600.jpg","width":600,"height":600,"mime-type":"image\/jpeg","url":"https:\/\/www.highseasonresort.com\/wp-content\/uploads\/2020\/07\/main-pic-05-17-600x600.jpg"},"photo-sd":{"file":"main-pic-05-17-640x360.jpg","width":640,"height":360,"mime-type":"image\/jpeg","url":"https:\/\/www.highseasonresort.com\/wp-content\/uploads\/2020\/07\/main-pic-05-17-640x360.jpg"},"photo-hd":{"file":"main-pic-05-17-1280x720.jpg","width":1280,"height":720,"mime-type":"image\/jpeg","url":"https:\/\/www.highseasonresort.com\/wp-content\/uploads\/2020\/07\/main-pic-05-17-1280x720.jpg"},"cover":{"file":"main-pic-05-17-1500x1000.jpg","width":1500,"height":1000,"mime-type":"image\/jpeg","url":"https:\/\/www.highseasonresort.com\/wp-content\/uploads\/2020\/07\/main-pic-05-17-1500x1000.jpg"},"menu-24x24":{"file":"main-pic-05-17-24x16.jpg","width":24,"height":16,"mime-type":"image\/jpeg","url":"https:\/\/www.highseasonresort.com\/wp-content\/uploads\/2020\/07\/main-pic-05-17-24x16.jpg"},"menu-36x36":{"file":"main-pic-05-17-36x24.jpg","width":36,"height":24,"mime-type":"image\/jpeg","url":"https:\/\/www.highseasonresort.com\/wp-content\/uploads\/2020\/07\/main-pic-05-17-36x24.jpg"},"menu-48x48":{"file":"main-pic-05-17-48x32.jpg","width":48,"height":32,"mime-type":"image\/jpeg","url":"https:\/\/www.highseasonresort.com\/wp-content\/uploads\/2020\/07\/main-pic-05-17-48x32.jpg"}},"image_meta":{"aperture":"3.5","credit":"","camera":"SLT-A77V","caption":"","created_timestamp":"1416673902","copyright":"","focal_length":"50","iso":"400","shutter_speed":"0.00625","title":"","orientation":"1","keywords":[]},"ID":"397","name":"main-pic-05-17.jpg","path":"\/var\/www\/vhosts\/highseasonresort.com\/httpdocs\/wp-content\/uploads\/2020\/07\/main-pic-05-17.jpg","url":"https:\/\/www.highseasonresort.com\/wp-content\/uploads\/2020\/07\/main-pic-05-17-150x150.jpg","full_url":"https:\/\/www.highseasonresort.com\/wp-content\/uploads\/2020\/07\/main-pic-05-17.jpg","title":"main-pic-05","caption":"","description":"","alt":"","srcset":"https:\/\/www.highseasonresort.com\/wp-content\/uploads\/2020\/07\/main-pic-05-17-150x150.jpg 150w, https:\/\/www.highseasonresort.com\/wp-content\/uploads\/2020\/07\/main-pic-05-17-600x600.jpg 600w"},{"width":150,"height":150,"file":"2020\/07\/main-pic-03-19.jpg","sizes":{"medium":{"file":"main-pic-03-19-300x200.jpg","width":300,"height":200,"mime-type":"image\/jpeg","url":"https:\/\/www.highseasonresort.com\/wp-content\/uploads\/2020\/07\/main-pic-03-19-300x200.jpg"},"thumbnail":{"file":"main-pic-03-19-150x150.jpg","width":150,"height":150,"mime-type":"image\/jpeg","url":"https:\/\/www.highseasonresort.com\/wp-content\/uploads\/2020\/07\/main-pic-03-19-150x150.jpg"},"medium_large":{"file":"main-pic-03-19-768x511.jpg","width":768,"height":511,"mime-type":"image\/jpeg","url":"https:\/\/www.highseasonresort.com\/wp-content\/uploads\/2020\/07\/main-pic-03-19-768x511.jpg"},"photo":{"file":"main-pic-03-19-600x400.jpg","width":600,"height":400,"mime-type":"image\/jpeg","url":"https:\/\/www.highseasonresort.com\/wp-content\/uploads\/2020\/07\/main-pic-03-19-600x400.jpg"},"photo-sm":{"file":"main-pic-03-19-300x200.jpg","width":300,"height":200,"mime-type":"image\/jpeg","url":"https:\/\/www.highseasonresort.com\/wp-content\/uploads\/2020\/07\/main-pic-03-19-300x200.jpg"},"photo-sq":{"file":"main-pic-03-19-600x600.jpg","width":600,"height":600,"mime-type":"image\/jpeg","url":"https:\/\/www.highseasonresort.com\/wp-content\/uploads\/2020\/07\/main-pic-03-19-600x600.jpg"},"photo-sd":{"file":"main-pic-03-19-640x360.jpg","width":640,"height":360,"mime-type":"image\/jpeg","url":"https:\/\/www.highseasonresort.com\/wp-content\/uploads\/2020\/07\/main-pic-03-19-640x360.jpg"},"menu-24x24":{"file":"main-pic-03-19-24x16.jpg","width":24,"height":16,"mime-type":"image\/jpeg","url":"https:\/\/www.highseasonresort.com\/wp-content\/uploads\/2020\/07\/main-pic-03-19-24x16.jpg"},"menu-36x36":{"file":"main-pic-03-19-36x24.jpg","width":36,"height":24,"mime-type":"image\/jpeg","url":"https:\/\/www.highseasonresort.com\/wp-content\/uploads\/2020\/07\/main-pic-03-19-36x24.jpg"},"menu-48x48":{"file":"main-pic-03-19-48x32.jpg","width":48,"height":32,"mime-type":"image\/jpeg","url":"https:\/\/www.highseasonresort.com\/wp-content\/uploads\/2020\/07\/main-pic-03-19-48x32.jpg"}},"image_meta":{"aperture":"0","credit":"","camera":"","caption":"","created_timestamp":"0","copyright":"","focal_length":"0","iso":"0","shutter_speed":"0","title":"","orientation":"0","keywords":[]},"ID":"395","name":"main-pic-03-19.jpg","path":"\/var\/www\/vhosts\/highseasonresort.com\/httpdocs\/wp-content\/uploads\/2020\/07\/main-pic-03-19.jpg","url":"https:\/\/www.highseasonresort.com\/wp-content\/uploads\/2020\/07\/main-pic-03-19-150x150.jpg","full_url":"https:\/\/www.highseasonresort.com\/wp-content\/uploads\/2020\/07\/main-pic-03-19.jpg","title":"main-pic-03","caption":"","description":"","alt":"","srcset":"https:\/\/www.highseasonresort.com\/wp-content\/uploads\/2020\/07\/main-pic-03-19-150x150.jpg 150w, https:\/\/www.highseasonresort.com\/wp-content\/uploads\/2020\/07\/main-pic-03-19-600x600.jpg 600w"},{"width":150,"height":150,"file":"2020\/07\/main-pic-02-19.jpg","sizes":{"medium":{"file":"main-pic-02-19-300x200.jpg","width":300,"height":200,"mime-type":"image\/jpeg","url":"https:\/\/www.highseasonresort.com\/wp-content\/uploads\/2020\/07\/main-pic-02-19-300x200.jpg"},"large":{"file":"main-pic-02-19-1024x683.jpg","width":1024,"height":683,"mime-type":"image\/jpeg","url":"https:\/\/www.highseasonresort.com\/wp-content\/uploads\/2020\/07\/main-pic-02-19-1024x683.jpg"},"thumbnail":{"file":"main-pic-02-19-150x150.jpg","width":150,"height":150,"mime-type":"image\/jpeg","url":"https:\/\/www.highseasonresort.com\/wp-content\/uploads\/2020\/07\/main-pic-02-19-150x150.jpg"},"medium_large":{"file":"main-pic-02-19-768x512.jpg","width":768,"height":512,"mime-type":"image\/jpeg","url":"https:\/\/www.highseasonresort.com\/wp-content\/uploads\/2020\/07\/main-pic-02-19-768x512.jpg"},"1536x1536":{"file":"main-pic-02-19-1536x1024.jpg","width":1536,"height":1024,"mime-type":"image\/jpeg","url":"https:\/\/www.highseasonresort.com\/wp-content\/uploads\/2020\/07\/main-pic-02-19-1536x1024.jpg"},"photo":{"file":"main-pic-02-19-600x400.jpg","width":600,"height":400,"mime-type":"image\/jpeg","url":"https:\/\/www.highseasonresort.com\/wp-content\/uploads\/2020\/07\/main-pic-02-19-600x400.jpg"},"photo-sm":{"file":"main-pic-02-19-300x200.jpg","width":300,"height":200,"mime-type":"image\/jpeg","url":"https:\/\/www.highseasonresort.com\/wp-content\/uploads\/2020\/07\/main-pic-02-19-300x200.jpg"},"photo-sq":{"file":"main-pic-02-19-600x600.jpg","width":600,"height":600,"mime-type":"image\/jpeg","url":"https:\/\/www.highseasonresort.com\/wp-content\/uploads\/2020\/07\/main-pic-02-19-600x600.jpg"},"photo-sd":{"file":"main-pic-02-19-640x360.jpg","width":640,"height":360,"mime-type":"image\/jpeg","url":"https:\/\/www.highseasonresort.com\/wp-content\/uploads\/2020\/07\/main-pic-02-19-640x360.jpg"},"photo-hd":{"file":"main-pic-02-19-1280x720.jpg","width":1280,"height":720,"mime-type":"image\/jpeg","url":"https:\/\/www.highseasonresort.com\/wp-content\/uploads\/2020\/07\/main-pic-02-19-1280x720.jpg"},"cover":{"file":"main-pic-02-19-1500x1000.jpg","width":1500,"height":1000,"mime-type":"image\/jpeg","url":"https:\/\/www.highseasonresort.com\/wp-content\/uploads\/2020\/07\/main-pic-02-19-1500x1000.jpg"},"menu-24x24":{"file":"main-pic-02-19-24x16.jpg","width":24,"height":16,"mime-type":"image\/jpeg","url":"https:\/\/www.highseasonresort.com\/wp-content\/uploads\/2020\/07\/main-pic-02-19-24x16.jpg"},"menu-36x36":{"file":"main-pic-02-19-36x24.jpg","width":36,"height":24,"mime-type":"image\/jpeg","url":"https:\/\/www.highseasonresort.com\/wp-content\/uploads\/2020\/07\/main-pic-02-19-36x24.jpg"},"menu-48x48":{"file":"main-pic-02-19-48x32.jpg","width":48,"height":32,"mime-type":"image\/jpeg","url":"https:\/\/www.highseasonresort.com\/wp-content\/uploads\/2020\/07\/main-pic-02-19-48x32.jpg"}},"image_meta":{"aperture":"11","credit":"","camera":"SLT-A99V","caption":"","created_timestamp":"1522844836","copyright":"","focal_length":"50","iso":"500","shutter_speed":"0.002","title":"","orientation":"1","keywords":[]},"ID":"394","name":"main-pic-02-19.jpg","path":"\/var\/www\/vhosts\/highseasonresort.com\/httpdocs\/wp-content\/uploads\/2020\/07\/main-pic-02-19.jpg","url":"https:\/\/www.highseasonresort.com\/wp-content\/uploads\/2020\/07\/main-pic-02-19-150x150.jpg","full_url":"https:\/\/www.highseasonresort.com\/wp-content\/uploads\/2020\/07\/main-pic-02-19.jpg","title":"main-pic-02","caption":"","description":"","alt":"","srcset":"https:\/\/www.highseasonresort.com\/wp-content\/uploads\/2020\/07\/main-pic-02-19-150x150.jpg 150w, https:\/\/www.highseasonresort.com\/wp-content\/uploads\/2020\/07\/main-pic-02-19-600x600.jpg 600w"},{"width":150,"height":150,"file":"2020\/07\/main-pic-01-18.jpg","sizes":{"medium":{"file":"main-pic-01-18-300x200.jpg","width":300,"height":200,"mime-type":"image\/jpeg","url":"https:\/\/www.highseasonresort.com\/wp-content\/uploads\/2020\/07\/main-pic-01-18-300x200.jpg"},"large":{"file":"main-pic-01-18-1024x683.jpg","width":1024,"height":683,"mime-type":"image\/jpeg","url":"https:\/\/www.highseasonresort.com\/wp-content\/uploads\/2020\/07\/main-pic-01-18-1024x683.jpg"},"thumbnail":{"file":"main-pic-01-18-150x150.jpg","width":150,"height":150,"mime-type":"image\/jpeg","url":"https:\/\/www.highseasonresort.com\/wp-content\/uploads\/2020\/07\/main-pic-01-18-150x150.jpg"},"medium_large":{"file":"main-pic-01-18-768x512.jpg","width":768,"height":512,"mime-type":"image\/jpeg","url":"https:\/\/www.highseasonresort.com\/wp-content\/uploads\/2020\/07\/main-pic-01-18-768x512.jpg"},"1536x1536":{"file":"main-pic-01-18-1536x1024.jpg","width":1536,"height":1024,"mime-type":"image\/jpeg","url":"https:\/\/www.highseasonresort.com\/wp-content\/uploads\/2020\/07\/main-pic-01-18-1536x1024.jpg"},"photo":{"file":"main-pic-01-18-600x400.jpg","width":600,"height":400,"mime-type":"image\/jpeg","url":"https:\/\/www.highseasonresort.com\/wp-content\/uploads\/2020\/07\/main-pic-01-18-600x400.jpg"},"photo-sm":{"file":"main-pic-01-18-300x200.jpg","width":300,"height":200,"mime-type":"image\/jpeg","url":"https:\/\/www.highseasonresort.com\/wp-content\/uploads\/2020\/07\/main-pic-01-18-300x200.jpg"},"photo-sq":{"file":"main-pic-01-18-600x600.jpg","width":600,"height":600,"mime-type":"image\/jpeg","url":"https:\/\/www.highseasonresort.com\/wp-content\/uploads\/2020\/07\/main-pic-01-18-600x600.jpg"},"photo-sd":{"file":"main-pic-01-18-640x360.jpg","width":640,"height":360,"mime-type":"image\/jpeg","url":"https:\/\/www.highseasonresort.com\/wp-content\/uploads\/2020\/07\/main-pic-01-18-640x360.jpg"},"photo-hd":{"file":"main-pic-01-18-1280x720.jpg","width":1280,"height":720,"mime-type":"image\/jpeg","url":"https:\/\/www.highseasonresort.com\/wp-content\/uploads\/2020\/07\/main-pic-01-18-1280x720.jpg"},"cover":{"file":"main-pic-01-18-1500x1000.jpg","width":1500,"height":1000,"mime-type":"image\/jpeg","url":"https:\/\/www.highseasonresort.com\/wp-content\/uploads\/2020\/07\/main-pic-01-18-1500x1000.jpg"},"menu-24x24":{"file":"main-pic-01-18-24x16.jpg","width":24,"height":16,"mime-type":"image\/jpeg","url":"https:\/\/www.highseasonresort.com\/wp-content\/uploads\/2020\/07\/main-pic-01-18-24x16.jpg"},"menu-36x36":{"file":"main-pic-01-18-36x24.jpg","width":36,"height":24,"mime-type":"image\/jpeg","url":"https:\/\/www.highseasonresort.com\/wp-content\/uploads\/2020\/07\/main-pic-01-18-36x24.jpg"},"menu-48x48":{"file":"main-pic-01-18-48x32.jpg","width":48,"height":32,"mime-type":"image\/jpeg","url":"https:\/\/www.highseasonresort.com\/wp-content\/uploads\/2020\/07\/main-pic-01-18-48x32.jpg"}},"image_meta":{"aperture":"11","credit":"","camera":"ILCE-7RM2","caption":"","created_timestamp":"1522844424","copyright":"","focal_length":"75","iso":"400","shutter_speed":"0.001","title":"","orientation":"1","keywords":[]},"ID":"393","name":"main-pic-01-18.jpg","path":"\/var\/www\/vhosts\/highseasonresort.com\/httpdocs\/wp-content\/uploads\/2020\/07\/main-pic-01-18.jpg","url":"https:\/\/www.highseasonresort.com\/wp-content\/uploads\/2020\/07\/main-pic-01-18-150x150.jpg","full_url":"https:\/\/www.highseasonresort.com\/wp-content\/uploads\/2020\/07\/main-pic-01-18.jpg","title":"main-pic-01","caption":"","description":"","alt":"","srcset":"https:\/\/www.highseasonresort.com\/wp-content\/uploads\/2020\/07\/main-pic-01-18-150x150.jpg 150w, https:\/\/www.highseasonresort.com\/wp-content\/uploads\/2020\/07\/main-pic-01-18-600x600.jpg 600w"}]},"_links":{"self":[{"href":"https:\/\/www.highseasonresort.com\/es\/wp-json\/wp\/v2\/pages\/3115","targetHints":{"allow":["GET"]}}],"collection":[{"href":"https:\/\/www.highseasonresort.com\/es\/wp-json\/wp\/v2\/pages"}],"about":[{"href":"https:\/\/www.highseasonresort.com\/es\/wp-json\/wp\/v2\/types\/page"}],"author":[{"embeddable":true,"href":"https:\/\/www.highseasonresort.com\/es\/wp-json\/wp\/v2\/users\/1"}],"replies":[{"embeddable":true,"href":"https:\/\/www.highseasonresort.com\/es\/wp-json\/wp\/v2\/comments?post=3115"}],"version-history":[{"count":6,"href":"https:\/\/www.highseasonresort.com\/es\/wp-json\/wp\/v2\/pages\/3115\/revisions"}],"predecessor-version":[{"id":5259,"href":"https:\/\/www.highseasonresort.com\/es\/wp-json\/wp\/v2\/pages\/3115\/revisions\/5259"}],"wp:featuredmedia":[{"embeddable":true,"href":"https:\/\/www.highseasonresort.com\/es\/wp-json\/wp\/v2\/media\/3117"}],"wp:attachment":[{"href":"https:\/\/www.highseasonresort.com\/es\/wp-json\/wp\/v2\/media?parent=3115"}],"curies":[{"name":"wp","href":"https:\/\/api.w.org\/{rel}","templated":true}]}}