{"id":13251,"date":"2022-09-19T05:45:21","date_gmt":"2022-09-18T22:45:21","guid":{"rendered":"https:\/\/www.highseasonresort.com\/?page_id=13251"},"modified":"2026-03-27T18:13:35","modified_gmt":"2026-03-27T11:13:35","slug":"diner-diner-romantique","status":"publish","type":"page","link":"https:\/\/www.highseasonresort.com\/fr\/romance\/high-season-romantic-beach-dinner-the-perfect-escape-for-couples\/","title":{"rendered":"D\u00ceNER D\u00ceNER ROMANTIQUE"},"content":{"rendered":"\t\t<div data-elementor-type=\"wp-page\" data-elementor-id=\"13251\" class=\"elementor elementor-13251 elementor-12922\" data-elementor-post-type=\"page\">\n\t\t\t\t\t\t<section class=\"elementor-section elementor-top-section elementor-element elementor-element-efba71e elementor-section-full_width elementor-section-height-default elementor-section-height-default\" data-id=\"efba71e\" data-element_type=\"section\" data-e-type=\"section\">\n\t\t\t\t\t\t<div class=\"elementor-container elementor-column-gap-no\">\n\t\t\t\t\t<div class=\"elementor-column elementor-col-100 elementor-top-column elementor-element elementor-element-589a350\" data-id=\"589a350\" data-element_type=\"column\" data-e-type=\"column\">\n\t\t\t<div class=\"elementor-widget-wrap elementor-element-populated\">\n\t\t\t\t\t\t<div class=\"elementor-element elementor-element-d267c4c before-header-shadow elementor--h-position-center elementor--v-position-middle elementor-arrows-position-inside elementor-pagination-position-inside elementor-widget elementor-widget-slides\" data-id=\"d267c4c\" data-element_type=\"widget\" data-e-type=\"widget\" data-settings=\"{&quot;transition&quot;:&quot;fade&quot;,&quot;navigation&quot;:&quot;both&quot;,&quot;autoplay&quot;:&quot;yes&quot;,&quot;pause_on_hover&quot;:&quot;yes&quot;,&quot;pause_on_interaction&quot;:&quot;yes&quot;,&quot;autoplay_speed&quot;:5000,&quot;infinite&quot;:&quot;yes&quot;,&quot;transition_speed&quot;:500}\" data-widget_type=\"slides.default\">\n\t\t\t\t<div class=\"elementor-widget-container\">\n\t\t\t\t\t\t\t\t\t<div class=\"elementor-swiper\">\n\t\t\t\t\t<div class=\"elementor-slides-wrapper elementor-main-swiper swiper\" role=\"region\" aria-roledescription=\"carousel\" aria-label=\"Slides\" dir=\"ltr\" data-animation=\"fadeInUp\">\n\t\t\t\t<div class=\"swiper-wrapper elementor-slides\">\n\t\t\t\t\t\t\t\t\t\t<div class=\"elementor-repeater-item-e69a52f swiper-slide\" role=\"group\" aria-roledescription=\"slide\"><div class=\"swiper-slide-bg elementor-ken-burns elementor-ken-burns--in\" role=\"img\" aria-label=\"main-pic-01\"><\/div><div class=\"swiper-slide-inner\" ><div class=\"swiper-slide-contents\"><\/div><\/div><\/div><div class=\"elementor-repeater-item-9c87402 swiper-slide\" role=\"group\" aria-roledescription=\"slide\"><div class=\"swiper-slide-bg elementor-ken-burns elementor-ken-burns--in\" role=\"img\" aria-label=\"main-pic-04\"><\/div><div class=\"swiper-slide-inner\" ><div class=\"swiper-slide-contents\"><\/div><\/div><\/div>\t\t\t\t<\/div>\n\t\t\t\t\t\t\t\t\t\t\t\t\t\t\t<div class=\"elementor-swiper-button elementor-swiper-button-prev\" role=\"button\" tabindex=\"0\" aria-label=\"Diapositive pr\u00e9c\u00e9dente\">\n\t\t\t\t\t\t\t<i aria-hidden=\"true\" class=\"eicon-chevron-left\"><\/i>\t\t\t\t\t\t<\/div>\n\t\t\t\t\t\t<div class=\"elementor-swiper-button elementor-swiper-button-next\" role=\"button\" tabindex=\"0\" aria-label=\"Diapositive suivante\">\n\t\t\t\t\t\t\t<i aria-hidden=\"true\" class=\"eicon-chevron-right\"><\/i>\t\t\t\t\t\t<\/div>\n\t\t\t\t\t\t\t\t\t\t\t\t\t\t\t\t<div class=\"swiper-pagination\"><\/div>\n\t\t\t\t\t\t\t\t\t\t\t\t<\/div>\n\t\t\t\t<\/div>\n\t\t\t\t\t\t\t\t<\/div>\n\t\t\t\t<\/div>\n\t\t\t\t\t<\/div>\n\t\t<\/div>\n\t\t\t\t\t<\/div>\n\t\t<\/section>\n\t\t\t\t<section class=\"elementor-section elementor-top-section elementor-element elementor-element-951aed5 elementor-section-boxed elementor-section-height-default elementor-section-height-default\" data-id=\"951aed5\" data-element_type=\"section\" data-e-type=\"section\" data-settings=\"{&quot;background_background&quot;:&quot;classic&quot;}\">\n\t\t\t\t\t\t<div class=\"elementor-container elementor-column-gap-default\">\n\t\t\t\t\t<div class=\"elementor-column elementor-col-33 elementor-top-column elementor-element elementor-element-7aba57c\" data-id=\"7aba57c\" data-element_type=\"column\" data-e-type=\"column\">\n\t\t\t<div class=\"elementor-widget-wrap elementor-element-populated\">\n\t\t\t\t\t\t<div class=\"elementor-element elementor-element-f352b45 elementor-drop-cap-yes mb-0 elementor-widget__width-initial elementor-drop-cap-view-default elementor-widget elementor-widget-text-editor\" data-id=\"f352b45\" data-element_type=\"widget\" data-e-type=\"widget\" data-settings=\"{&quot;drop_cap&quot;:&quot;yes&quot;}\" data-widget_type=\"text-editor.default\">\n\t\t\t\t<div class=\"elementor-widget-container\">\n\t\t\t\t\t\t\t\t\t<p>D\u00ceNER D\u00ceNER ROMANTIQUE<\/p>\t\t\t\t\t\t\t\t<\/div>\n\t\t\t\t<\/div>\n\t\t\t\t<div class=\"elementor-element elementor-element-7495272 elementor-widget__width-initial elementor-widget elementor-widget-text-editor\" data-id=\"7495272\" data-element_type=\"widget\" data-e-type=\"widget\" data-widget_type=\"text-editor.default\">\n\t\t\t\t<div class=\"elementor-widget-container\">\n\t\t\t\t\t\t\t\t\t<p>EXPERIENCE<\/p>\t\t\t\t\t\t\t\t<\/div>\n\t\t\t\t<\/div>\n\t\t\t\t\t<\/div>\n\t\t<\/div>\n\t\t\t\t<div class=\"elementor-column elementor-col-66 elementor-top-column elementor-element elementor-element-85c9dcd\" data-id=\"85c9dcd\" data-element_type=\"column\" data-e-type=\"column\">\n\t\t\t<div class=\"elementor-widget-wrap elementor-element-populated\">\n\t\t\t\t\t\t<div class=\"elementor-element elementor-element-950c891 elementor-widget elementor-widget-text-editor\" data-id=\"950c891\" data-element_type=\"widget\" data-e-type=\"widget\" data-widget_type=\"text-editor.default\">\n\t\t\t\t<div class=\"elementor-widget-container\">\n\t\t\t\t\t\t\t\t\t<p>Faites parler de vous et optez pour un mariage de r\u00eave sur la magnifique plage de Koh Kood. High Season Pool Villa &amp; Spa vous propose une myriade d\u2019endroits magnifiques pour c\u00e9l\u00e9brer le mariage de vos r\u00eaves.<\/p>\t\t\t\t\t\t\t\t<\/div>\n\t\t\t\t<\/div>\n\t\t\t\t\t<\/div>\n\t\t<\/div>\n\t\t\t\t\t<\/div>\n\t\t<\/section>\n\t\t\t\t<section class=\"elementor-section elementor-top-section elementor-element elementor-element-54f46a8 elementor-section-full_width elementor-section-height-default elementor-section-height-default\" data-id=\"54f46a8\" data-element_type=\"section\" data-e-type=\"section\">\n\t\t\t\t\t\t<div class=\"elementor-container elementor-column-gap-no\">\n\t\t\t\t\t<div class=\"elementor-column elementor-col-100 elementor-top-column elementor-element elementor-element-6cc2138\" data-id=\"6cc2138\" data-element_type=\"column\" data-e-type=\"column\">\n\t\t\t<div class=\"elementor-widget-wrap elementor-element-populated\">\n\t\t\t\t\t\t<div class=\"elementor-element elementor-element-15820e3 mb-0 elementor-widget elementor-widget-image\" data-id=\"15820e3\" data-element_type=\"widget\" data-e-type=\"widget\" data-widget_type=\"image.default\">\n\t\t\t\t<div class=\"elementor-widget-container\">\n\t\t\t\t\t\t\t\t\t\t\t\t\t\t\t<img fetchpriority=\"high\" decoding=\"async\" width=\"2000\" height=\"1333\" src=\"https:\/\/www.highseasonresort.com\/wp-content\/uploads\/2022\/08\/1-1.jpg\" class=\"attachment-full size-full wp-image-12926\" alt=\"\" srcset=\"https:\/\/www.highseasonresort.com\/wp-content\/uploads\/2022\/08\/1-1.jpg 2000w, https:\/\/www.highseasonresort.com\/wp-content\/uploads\/2022\/08\/1-1-300x200.jpg 300w, https:\/\/www.highseasonresort.com\/wp-content\/uploads\/2022\/08\/1-1-1024x682.jpg 1024w, https:\/\/www.highseasonresort.com\/wp-content\/uploads\/2022\/08\/1-1-768x512.jpg 768w, https:\/\/www.highseasonresort.com\/wp-content\/uploads\/2022\/08\/1-1-1536x1024.jpg 1536w, https:\/\/www.highseasonresort.com\/wp-content\/uploads\/2022\/08\/1-1-600x400.jpg 600w, https:\/\/www.highseasonresort.com\/wp-content\/uploads\/2022\/08\/1-1-1500x1000.jpg 1500w, https:\/\/www.highseasonresort.com\/wp-content\/uploads\/2022\/08\/1-1-1920x1280.jpg 1920w, https:\/\/www.highseasonresort.com\/wp-content\/uploads\/2022\/08\/1-1-24x16.jpg 24w, https:\/\/www.highseasonresort.com\/wp-content\/uploads\/2022\/08\/1-1-36x24.jpg 36w, https:\/\/www.highseasonresort.com\/wp-content\/uploads\/2022\/08\/1-1-48x32.jpg 48w\" sizes=\"(max-width: 2000px) 100vw, 2000px\" title=\"\">\t\t\t\t\t\t\t\t\t\t\t\t\t\t\t<\/div>\n\t\t\t\t<\/div>\n\t\t\t\t\t<\/div>\n\t\t<\/div>\n\t\t\t\t\t<\/div>\n\t\t<\/section>\n\t\t\t\t<section class=\"elementor-section elementor-top-section elementor-element elementor-element-0b7ef45 elementor-section-full_width elementor-section-height-default elementor-section-height-default\" data-id=\"0b7ef45\" data-element_type=\"section\" data-e-type=\"section\" data-settings=\"{&quot;background_background&quot;:&quot;classic&quot;}\">\n\t\t\t\t\t\t<div class=\"elementor-container elementor-column-gap-no\">\n\t\t\t\t\t<div class=\"elementor-column elementor-col-50 elementor-top-column elementor-element elementor-element-36aba54\" data-id=\"36aba54\" data-element_type=\"column\" data-e-type=\"column\">\n\t\t\t<div class=\"elementor-widget-wrap elementor-element-populated\">\n\t\t\t\t\t\t<div class=\"elementor-element elementor-element-64ab444 elementor-widget elementor-widget-heading\" data-id=\"64ab444\" data-element_type=\"widget\" data-e-type=\"widget\" data-widget_type=\"heading.default\">\n\t\t\t\t<div class=\"elementor-widget-container\">\n\t\t\t\t\t<h2 class=\"elementor-heading-title elementor-size-medium\">D\u00eener romantique sur la plage en haute saison - L'\u00e9vasion parfaite pour les couples<\/h2>\t\t\t\t<\/div>\n\t\t\t\t<\/div>\n\t\t\t\t<div class=\"elementor-element elementor-element-6121b0e elementor-widget elementor-widget-text-editor\" data-id=\"6121b0e\" data-element_type=\"widget\" data-e-type=\"widget\" data-widget_type=\"text-editor.default\">\n\t\t\t\t<div class=\"elementor-widget-container\">\n\t\t\t\t\t\t\t\t\t<p>\u00ab\u00a0Une \u00eele paradisiaque a tous les ingr\u00e9dients pour la romance. Plages, verdure luxuriante et magnifiques couchers de soleil. Ressentez la romance dans l&rsquo;air avec des exp\u00e9riences culinaires incroyables, un service exceptionnel et la possibilit\u00e9 de voir quelque chose d&rsquo;unique avec celui que vous aimez. Faites-nous savoir quels sont vos plans et nous vous aiderons \u00e0 pr\u00e9parer les vacances les plus romantiques imaginables. Vivez des moments romantiques avec High Season Pool Villa &amp; Spa. Faites de longues promenades sur de longues plages, d\u00eenez intime sous les palmiers signature de notre complexe et face \u00e0 de magnifiques couchers de soleil.\u00a0\u00bb<\/p>\t\t\t\t\t\t\t\t<\/div>\n\t\t\t\t<\/div>\n\t\t\t\t<div class=\"elementor-element elementor-element-c6eba4d elementor-widget elementor-widget-image\" data-id=\"c6eba4d\" data-element_type=\"widget\" data-e-type=\"widget\" data-widget_type=\"image.default\">\n\t\t\t\t<div class=\"elementor-widget-container\">\n\t\t\t\t\t\t\t\t\t\t\t\t\t\t\t<img decoding=\"async\" width=\"600\" height=\"400\" src=\"https:\/\/www.highseasonresort.com\/wp-content\/uploads\/2022\/08\/12-600x400.jpg\" class=\"attachment-photo size-photo wp-image-12944\" alt=\"\" srcset=\"https:\/\/www.highseasonresort.com\/wp-content\/uploads\/2022\/08\/12-600x400.jpg 600w, https:\/\/www.highseasonresort.com\/wp-content\/uploads\/2022\/08\/12-300x200.jpg 300w\" sizes=\"(max-width: 600px) 100vw, 600px\" title=\"\">\t\t\t\t\t\t\t\t\t\t\t\t\t\t\t<\/div>\n\t\t\t\t<\/div>\n\t\t\t\t\t<\/div>\n\t\t<\/div>\n\t\t\t\t<div class=\"elementor-column elementor-col-50 elementor-top-column elementor-element elementor-element-71dc049\" data-id=\"71dc049\" data-element_type=\"column\" data-e-type=\"column\">\n\t\t\t<div class=\"elementor-widget-wrap elementor-element-populated\">\n\t\t\t\t\t\t<div class=\"elementor-element elementor-element-f5f4796 elementor-widget elementor-widget-image\" data-id=\"f5f4796\" data-element_type=\"widget\" data-e-type=\"widget\" data-widget_type=\"image.default\">\n\t\t\t\t<div class=\"elementor-widget-container\">\n\t\t\t\t\t\t\t\t\t\t\t\t\t\t\t<img decoding=\"async\" width=\"682\" height=\"1024\" src=\"https:\/\/www.highseasonresort.com\/wp-content\/uploads\/2022\/08\/9-682x1024.jpg\" class=\"attachment-large size-large wp-image-12935\" alt=\"\" srcset=\"https:\/\/www.highseasonresort.com\/wp-content\/uploads\/2022\/08\/9-682x1024.jpg 682w, https:\/\/www.highseasonresort.com\/wp-content\/uploads\/2022\/08\/9-200x300.jpg 200w, https:\/\/www.highseasonresort.com\/wp-content\/uploads\/2022\/08\/9-768x1152.jpg 768w, https:\/\/www.highseasonresort.com\/wp-content\/uploads\/2022\/08\/9-1024x1536.jpg 1024w, https:\/\/www.highseasonresort.com\/wp-content\/uploads\/2022\/08\/9-16x24.jpg 16w, https:\/\/www.highseasonresort.com\/wp-content\/uploads\/2022\/08\/9-24x36.jpg 24w, https:\/\/www.highseasonresort.com\/wp-content\/uploads\/2022\/08\/9-32x48.jpg 32w, https:\/\/www.highseasonresort.com\/wp-content\/uploads\/2022\/08\/9.jpg 1333w\" sizes=\"(max-width: 682px) 100vw, 682px\" title=\"\">\t\t\t\t\t\t\t\t\t\t\t\t\t\t\t<\/div>\n\t\t\t\t<\/div>\n\t\t\t\t\t<\/div>\n\t\t<\/div>\n\t\t\t\t\t<\/div>\n\t\t<\/section>\n\t\t\t\t<section class=\"elementor-section elementor-top-section elementor-element elementor-element-c2461c1 elementor-section-full_width elementor-section-height-default elementor-section-height-default\" data-id=\"c2461c1\" data-element_type=\"section\" data-e-type=\"section\" data-settings=\"{&quot;background_background&quot;:&quot;classic&quot;}\">\n\t\t\t\t\t\t<div class=\"elementor-container elementor-column-gap-default\">\n\t\t\t\t\t<div class=\"elementor-column elementor-col-100 elementor-top-column elementor-element elementor-element-af1dacb\" data-id=\"af1dacb\" data-element_type=\"column\" data-e-type=\"column\">\n\t\t\t<div class=\"elementor-widget-wrap elementor-element-populated\">\n\t\t\t\t\t\t<div class=\"elementor-element elementor-element-e7d9bcb elementor-align-center elementor-widget elementor-widget-button\" data-id=\"e7d9bcb\" data-element_type=\"widget\" data-e-type=\"widget\" data-widget_type=\"button.default\">\n\t\t\t\t<div class=\"elementor-widget-container\">\n\t\t\t\t\t\t\t\t\t<div class=\"elementor-button-wrapper\">\n\t\t\t\t\t<a class=\"elementor-button elementor-button-link elementor-size-sm\" href=\"https:\/\/www.highseasonresort.com\/wp-content\/uploads\/2026\/03\/Romantic-Dinner-on-the-beach.pdf\" target=\"_blank\">\n\t\t\t\t\t\t<span class=\"elementor-button-content-wrapper\">\n\t\t\t\t\t\t\t\t\t<span class=\"elementor-button-text\">Download Romantic Dinner Menu<\/span>\n\t\t\t\t\t<\/span>\n\t\t\t\t\t<\/a>\n\t\t\t\t<\/div>\n\t\t\t\t\t\t\t\t<\/div>\n\t\t\t\t<\/div>\n\t\t\t\t\t<\/div>\n\t\t<\/div>\n\t\t\t\t\t<\/div>\n\t\t<\/section>\n\t\t\t\t<section class=\"elementor-section elementor-top-section elementor-element elementor-element-688fa7f elementor-section-full_width elementor-section-height-default elementor-section-height-default\" data-id=\"688fa7f\" data-element_type=\"section\" data-e-type=\"section\" data-settings=\"{&quot;background_background&quot;:&quot;classic&quot;}\">\n\t\t\t\t\t\t<div class=\"elementor-container elementor-column-gap-default\">\n\t\t\t\t\t<div class=\"elementor-column elementor-col-100 elementor-top-column elementor-element elementor-element-e4f7932\" data-id=\"e4f7932\" data-element_type=\"column\" data-e-type=\"column\">\n\t\t\t<div class=\"elementor-widget-wrap elementor-element-populated\">\n\t\t\t\t\t\t<div class=\"elementor-element elementor-element-6bd00fc elementor-widget elementor-widget-heading\" data-id=\"6bd00fc\" data-element_type=\"widget\" data-e-type=\"widget\" data-widget_type=\"heading.default\">\n\t\t\t\t<div class=\"elementor-widget-container\">\n\t\t\t\t\t<h3 class=\"elementor-heading-title elementor-size-default\">EXPLORER NOTRE MOMENT ROMANTIQUE :<\/h3>\t\t\t\t<\/div>\n\t\t\t\t<\/div>\n\t\t\t\t\t<\/div>\n\t\t<\/div>\n\t\t\t\t\t<\/div>\n\t\t<\/section>\n\t\t\t\t<section class=\"elementor-section elementor-top-section elementor-element elementor-element-99cb43c elementor-section-full_width elementor-section-height-default elementor-section-height-default\" data-id=\"99cb43c\" data-element_type=\"section\" data-e-type=\"section\">\n\t\t\t\t\t\t<div class=\"elementor-container elementor-column-gap-no\">\n\t\t\t\t\t<div class=\"elementor-column elementor-col-33 elementor-top-column elementor-element elementor-element-c54c8e4\" data-id=\"c54c8e4\" data-element_type=\"column\" data-e-type=\"column\">\n\t\t\t<div class=\"elementor-widget-wrap elementor-element-populated\">\n\t\t\t\t\t\t<div class=\"elementor-element elementor-element-de01ec0 mb-0 elementor-widget elementor-widget-image\" data-id=\"de01ec0\" data-element_type=\"widget\" data-e-type=\"widget\" data-widget_type=\"image.default\">\n\t\t\t\t<div class=\"elementor-widget-container\">\n\t\t\t\t\t\t\t\t\t\t\t\t\t\t\t\t<a href=\"https:\/\/www.highseasonresort.com\/fr\/romance\/honeymoon-anniversary\/\">\n\t\t\t\t\t\t\t<img loading=\"lazy\" decoding=\"async\" width=\"600\" height=\"600\" src=\"https:\/\/www.highseasonresort.com\/wp-content\/uploads\/2020\/07\/main-pic-07-5-600x600.jpg\" class=\"attachment-photo-sq size-photo-sq wp-image-4665\" alt=\"\" srcset=\"https:\/\/www.highseasonresort.com\/wp-content\/uploads\/2020\/07\/main-pic-07-5-600x600.jpg 600w, https:\/\/www.highseasonresort.com\/wp-content\/uploads\/2020\/07\/main-pic-07-5-150x150.jpg 150w\" sizes=\"(max-width: 600px) 100vw, 600px\" title=\"\">\t\t\t\t\t\t\t\t<\/a>\n\t\t\t\t\t\t\t\t\t\t\t\t\t\t\t<\/div>\n\t\t\t\t<\/div>\n\t\t\t\t<section class=\"elementor-section elementor-inner-section elementor-element elementor-element-1e9de20 elementor-section-boxed elementor-section-height-default elementor-section-height-default\" data-id=\"1e9de20\" data-element_type=\"section\" data-e-type=\"section\">\n\t\t\t\t\t\t\t<div class=\"elementor-background-overlay\"><\/div>\n\t\t\t\t\t\t\t<div class=\"elementor-container elementor-column-gap-default\">\n\t\t\t\t\t<div class=\"elementor-column elementor-col-100 elementor-inner-column elementor-element elementor-element-8fa3b09\" data-id=\"8fa3b09\" data-element_type=\"column\" data-e-type=\"column\">\n\t\t\t<div class=\"elementor-widget-wrap elementor-element-populated\">\n\t\t\t\t\t\t<div class=\"elementor-element elementor-element-2ecc357 elementor-widget elementor-widget-heading\" data-id=\"2ecc357\" data-element_type=\"widget\" data-e-type=\"widget\" data-widget_type=\"heading.default\">\n\t\t\t\t<div class=\"elementor-widget-container\">\n\t\t\t\t\t<h4 class=\"elementor-heading-title elementor-size-medium\"><a href=\"https:\/\/www.highseasonresort.com\/fr\/romance\/honeymoon-anniversary\/\">Lune de miel Anniversaire<\/a><\/h4>\t\t\t\t<\/div>\n\t\t\t\t<\/div>\n\t\t\t\t\t<\/div>\n\t\t<\/div>\n\t\t\t\t\t<\/div>\n\t\t<\/section>\n\t\t\t\t\t<\/div>\n\t\t<\/div>\n\t\t\t\t<div class=\"elementor-column elementor-col-33 elementor-top-column elementor-element elementor-element-2177d19\" data-id=\"2177d19\" data-element_type=\"column\" data-e-type=\"column\">\n\t\t\t<div class=\"elementor-widget-wrap elementor-element-populated\">\n\t\t\t\t\t\t<div class=\"elementor-element elementor-element-83cf0c7 mb-0 elementor-widget elementor-widget-image\" data-id=\"83cf0c7\" data-element_type=\"widget\" data-e-type=\"widget\" data-widget_type=\"image.default\">\n\t\t\t\t<div class=\"elementor-widget-container\">\n\t\t\t\t\t\t\t\t\t\t\t\t\t\t\t\t<a href=\"https:\/\/www.highseasonresort.com\/fr\/romance\/high-wedding-experience\/\">\n\t\t\t\t\t\t\t<img loading=\"lazy\" decoding=\"async\" width=\"600\" height=\"600\" src=\"https:\/\/www.highseasonresort.com\/wp-content\/uploads\/2020\/08\/main-pic-04-600x600.jpg\" class=\"attachment-photo-sq size-photo-sq wp-image-6785\" alt=\"\" srcset=\"https:\/\/www.highseasonresort.com\/wp-content\/uploads\/2020\/08\/main-pic-04-600x600.jpg 600w, https:\/\/www.highseasonresort.com\/wp-content\/uploads\/2020\/08\/main-pic-04-150x150.jpg 150w\" sizes=\"(max-width: 600px) 100vw, 600px\" title=\"\">\t\t\t\t\t\t\t\t<\/a>\n\t\t\t\t\t\t\t\t\t\t\t\t\t\t\t<\/div>\n\t\t\t\t<\/div>\n\t\t\t\t<section class=\"elementor-section elementor-inner-section elementor-element elementor-element-bcc6863 elementor-section-boxed elementor-section-height-default elementor-section-height-default\" data-id=\"bcc6863\" data-element_type=\"section\" data-e-type=\"section\">\n\t\t\t\t\t\t<div class=\"elementor-container elementor-column-gap-default\">\n\t\t\t\t\t<div class=\"elementor-column elementor-col-100 elementor-inner-column elementor-element elementor-element-faa7358\" data-id=\"faa7358\" data-element_type=\"column\" data-e-type=\"column\">\n\t\t\t<div class=\"elementor-widget-wrap elementor-element-populated\">\n\t\t\t\t\t\t<div class=\"elementor-element elementor-element-196472b elementor-widget elementor-widget-heading\" data-id=\"196472b\" data-element_type=\"widget\" data-e-type=\"widget\" data-widget_type=\"heading.default\">\n\t\t\t\t<div class=\"elementor-widget-container\">\n\t\t\t\t\t<h4 class=\"elementor-heading-title elementor-size-medium\"><a href=\"https:\/\/www.highseasonresort.com\/fr\/romance\/high-wedding-experience\/\">Mariage haut de gamme<\/a><\/h4>\t\t\t\t<\/div>\n\t\t\t\t<\/div>\n\t\t\t\t\t<\/div>\n\t\t<\/div>\n\t\t\t\t\t<\/div>\n\t\t<\/section>\n\t\t\t\t\t<\/div>\n\t\t<\/div>\n\t\t\t\t<div class=\"elementor-column elementor-col-33 elementor-top-column elementor-element elementor-element-2759350\" data-id=\"2759350\" data-element_type=\"column\" data-e-type=\"column\">\n\t\t\t<div class=\"elementor-widget-wrap elementor-element-populated\">\n\t\t\t\t\t\t<div class=\"elementor-element elementor-element-9934012 mb-0 elementor-widget elementor-widget-image\" data-id=\"9934012\" data-element_type=\"widget\" data-e-type=\"widget\" data-widget_type=\"image.default\">\n\t\t\t\t<div class=\"elementor-widget-container\">\n\t\t\t\t\t\t\t\t\t\t\t\t\t\t\t\t<a href=\"https:\/\/www.highseasonresort.com\/fr\/romance\/high-season-romantic-beach-dinner-the-perfect-escape-for-couples\/\">\n\t\t\t\t\t\t\t<img loading=\"lazy\" decoding=\"async\" width=\"600\" height=\"600\" src=\"https:\/\/www.highseasonresort.com\/wp-content\/uploads\/2020\/07\/main-pic-01-7-600x600.jpg\" class=\"attachment-photo-sq size-photo-sq wp-image-1575\" alt=\"\" srcset=\"https:\/\/www.highseasonresort.com\/wp-content\/uploads\/2020\/07\/main-pic-01-7-600x600.jpg 600w, https:\/\/www.highseasonresort.com\/wp-content\/uploads\/2020\/07\/main-pic-01-7-150x150.jpg 150w\" sizes=\"(max-width: 600px) 100vw, 600px\" title=\"\">\t\t\t\t\t\t\t\t<\/a>\n\t\t\t\t\t\t\t\t\t\t\t\t\t\t\t<\/div>\n\t\t\t\t<\/div>\n\t\t\t\t<section class=\"elementor-section elementor-inner-section elementor-element elementor-element-686041a elementor-section-boxed elementor-section-height-default elementor-section-height-default\" data-id=\"686041a\" data-element_type=\"section\" data-e-type=\"section\">\n\t\t\t\t\t\t\t<div class=\"elementor-background-overlay\"><\/div>\n\t\t\t\t\t\t\t<div class=\"elementor-container elementor-column-gap-default\">\n\t\t\t\t\t<div class=\"elementor-column elementor-col-100 elementor-inner-column elementor-element elementor-element-de98d05\" data-id=\"de98d05\" data-element_type=\"column\" data-e-type=\"column\">\n\t\t\t<div class=\"elementor-widget-wrap elementor-element-populated\">\n\t\t\t\t\t\t<div class=\"elementor-element elementor-element-9eb8fc5 elementor-widget elementor-widget-heading\" data-id=\"9eb8fc5\" data-element_type=\"widget\" data-e-type=\"widget\" data-widget_type=\"heading.default\">\n\t\t\t\t<div class=\"elementor-widget-container\">\n\t\t\t\t\t<h4 class=\"elementor-heading-title elementor-size-medium\"><a href=\"https:\/\/www.highseasonresort.com\/fr\/romance\/high-season-romantic-beach-dinner-the-perfect-escape-for-couples\/\">D\u00eener D\u00eener romantique<\/a><\/h4>\t\t\t\t<\/div>\n\t\t\t\t<\/div>\n\t\t\t\t\t<\/div>\n\t\t<\/div>\n\t\t\t\t\t<\/div>\n\t\t<\/section>\n\t\t\t\t\t<\/div>\n\t\t<\/div>\n\t\t\t\t\t<\/div>\n\t\t<\/section>\n\t\t\t\t<section class=\"elementor-section elementor-top-section elementor-element elementor-element-ca59e0f elementor-section-boxed elementor-section-height-default elementor-section-height-default\" data-id=\"ca59e0f\" data-element_type=\"section\" data-e-type=\"section\">\n\t\t\t\t\t\t<div class=\"elementor-container elementor-column-gap-default\">\n\t\t\t\t\t<div class=\"elementor-column elementor-col-100 elementor-top-column elementor-element elementor-element-8f42f9a\" data-id=\"8f42f9a\" data-element_type=\"column\" data-e-type=\"column\">\n\t\t\t<div class=\"elementor-widget-wrap\">\n\t\t\t\t\t\t\t<\/div>\n\t\t<\/div>\n\t\t\t\t\t<\/div>\n\t\t<\/section>\n\t\t\t\t<\/div>\n\t\t","protected":false},"excerpt":{"rendered":"<p>D\u00ceNER D\u00ceNER ROMANTIQUE EXPERIENCE Faites parler de vous et optez pour un mariage de r\u00eave sur la magnifique plage de Koh Kood. High Season Pool Villa &amp; Spa vous propose une myriade d\u2019endroits magnifiques pour c\u00e9l\u00e9brer le mariage de vos r\u00eaves. D\u00eener romantique sur la plage en haute saison &#8211; L&rsquo;\u00e9vasion parfaite pour les couples [&hellip;]<\/p>\n","protected":false},"author":1,"featured_media":0,"parent":0,"menu_order":0,"comment_status":"closed","ping_status":"closed","template":"templates\/page-elementor.php","meta":{"inline_featured_image":false,"footnotes":""},"class_list":["post-13251","page","type-page","status-publish","hentry"],"meta_box":{"resort_images":[],"resort_title":"","resort_content":"","resort_img":[],"exp_images":[],"cuisine_images":[],"event_gallery":[],"event_file_enabled":"","event_file":[],"event_group":[],"location_group_slide":[],"location_image_gallery":[],"destination_header":"","destination_group":[],"destination_join_title":"","destination_join_group":[],"destination_join_content":"","destination_remark_title":"","destination_remark_content":"","destination_other_title":"","destination_other_content":"","cover_home_group":[],"cover_home_type":"","cover_home_video":[],"cover_home_img":false,"middle_rooms_title":"","middle_rooms_desc":"","middle_rooms_images":[],"middle_rooms_select":"","middle_exp_title":"","middle_exp_desc":"","middle_exp_images":[],"middle_map_header":"","middle_map_subheader":"","middle_map_desc":"","instagram_text":"","instagram_images":[],"spa_images":[],"spa_title":"","spa_content":"","spa_gallery":[],"press_desc":"","press_email":"","press_group":[],"ourteam_title":"","ourteam_desc":"","ourteam_gallery":[]},"_links":{"self":[{"href":"https:\/\/www.highseasonresort.com\/fr\/wp-json\/wp\/v2\/pages\/13251","targetHints":{"allow":["GET"]}}],"collection":[{"href":"https:\/\/www.highseasonresort.com\/fr\/wp-json\/wp\/v2\/pages"}],"about":[{"href":"https:\/\/www.highseasonresort.com\/fr\/wp-json\/wp\/v2\/types\/page"}],"author":[{"embeddable":true,"href":"https:\/\/www.highseasonresort.com\/fr\/wp-json\/wp\/v2\/users\/1"}],"replies":[{"embeddable":true,"href":"https:\/\/www.highseasonresort.com\/fr\/wp-json\/wp\/v2\/comments?post=13251"}],"version-history":[{"count":17,"href":"https:\/\/www.highseasonresort.com\/fr\/wp-json\/wp\/v2\/pages\/13251\/revisions"}],"predecessor-version":[{"id":22018,"href":"https:\/\/www.highseasonresort.com\/fr\/wp-json\/wp\/v2\/pages\/13251\/revisions\/22018"}],"wp:attachment":[{"href":"https:\/\/www.highseasonresort.com\/fr\/wp-json\/wp\/v2\/media?parent=13251"}],"curies":[{"name":"wp","href":"https:\/\/api.w.org\/{rel}","templated":true}]}}