{"id":3061,"date":"2020-07-15T15:21:27","date_gmt":"2020-07-15T08:21:27","guid":{"rendered":"http:\/\/localhost\/wp-highseason\/press-media\/"},"modified":"2020-07-24T16:22:50","modified_gmt":"2020-07-24T09:22:50","slug":"press-media","status":"publish","type":"page","link":"https:\/\/www.highseasonresort.com\/fr\/press-media\/","title":{"rendered":"PUBLICATIONS"},"content":{"rendered":"\n<p>Nous sommes honor\u00e9s d&rsquo;avoir \u00e9t\u00e9 mentionn\u00e9s dans plusieurs des plus grands magazines de voyage et lifestyle au monde. Nous vous invitons \u00e0 jeter un coup d&rsquo;\u0153il \u00e0 certains d&rsquo;entre eux pour en savoir plus sur l&rsquo;exp\u00e9rience High Season Pool Villa &amp; Spa. (TBC)<\/p>\n","protected":false},"excerpt":{"rendered":"<p>Nous sommes honor\u00e9s d&rsquo;avoir \u00e9t\u00e9 mentionn\u00e9s dans plusieurs des plus grands magazines de voyage et lifestyle au monde. Nous vous invitons \u00e0 jeter un coup d&rsquo;\u0153il \u00e0 certains d&rsquo;entre eux pour en savoir plus sur l&rsquo;exp\u00e9rience High Season Pool Villa &amp; Spa. (TBC)<\/p>\n","protected":false},"author":1,"featured_media":0,"parent":0,"menu_order":0,"comment_status":"closed","ping_status":"closed","template":"templates\/page-press-media.php","meta":{"inline_featured_image":false,"footnotes":""},"class_list":["post-3061","page","type-page","status-publish","hentry"],"meta_box":{"resort_images":[],"resort_title":"","resort_content":"","resort_img":[],"exp_images":[],"cuisine_images":[],"event_gallery":[],"event_file_enabled":"","event_file":[],"event_group":[],"location_group_slide":[],"location_image_gallery":[],"destination_header":"","destination_group":[],"destination_join_title":"","destination_join_group":[],"destination_join_content":"","destination_remark_title":"","destination_remark_content":"","destination_other_title":"","destination_other_content":"","cover_home_group":[],"cover_home_type":"","cover_home_video":[],"cover_home_img":false,"middle_rooms_title":"","middle_rooms_desc":"","middle_rooms_images":[],"middle_rooms_select":"","middle_exp_title":"","middle_exp_desc":"","middle_exp_images":[],"middle_map_header":"","middle_map_subheader":"","middle_map_desc":"","instagram_text":"","instagram_images":[],"spa_images":[],"spa_title":"","spa_content":"","spa_gallery":[],"press_desc":"<p>Pour les m\u00e9dias et la presse, ou pour toute demande de photographie, veuillez nous contacter \u00e0<\/p>\n","press_email":"pr@highseasonresort.com","press_group":[{"press_group_enabled":"1","press_group_label":"T\u00e9l\u00e9charger la fiche d'information PDF","press_group_file":["403"],"_state":"expanded"},{"press_group_enabled":"1","press_group_label":"T\u00e9l\u00e9charger la brochure PDF","press_group_file":["402"],"_state":"expanded"}],"ourteam_title":"","ourteam_desc":"","ourteam_gallery":[]},"_links":{"self":[{"href":"https:\/\/www.highseasonresort.com\/fr\/wp-json\/wp\/v2\/pages\/3061","targetHints":{"allow":["GET"]}}],"collection":[{"href":"https:\/\/www.highseasonresort.com\/fr\/wp-json\/wp\/v2\/pages"}],"about":[{"href":"https:\/\/www.highseasonresort.com\/fr\/wp-json\/wp\/v2\/types\/page"}],"author":[{"embeddable":true,"href":"https:\/\/www.highseasonresort.com\/fr\/wp-json\/wp\/v2\/users\/1"}],"replies":[{"embeddable":true,"href":"https:\/\/www.highseasonresort.com\/fr\/wp-json\/wp\/v2\/comments?post=3061"}],"version-history":[{"count":4,"href":"https:\/\/www.highseasonresort.com\/fr\/wp-json\/wp\/v2\/pages\/3061\/revisions"}],"predecessor-version":[{"id":5249,"href":"https:\/\/www.highseasonresort.com\/fr\/wp-json\/wp\/v2\/pages\/3061\/revisions\/5249"}],"wp:attachment":[{"href":"https:\/\/www.highseasonresort.com\/fr\/wp-json\/wp\/v2\/media?parent=3061"}],"curies":[{"name":"wp","href":"https:\/\/api.w.org\/{rel}","templated":true}]}}